{"id":7308,"date":"2025-03-06T22:49:51","date_gmt":"2025-03-06T22:49:51","guid":{"rendered":"https:\/\/amka.com\/haarpflege\/"},"modified":"2026-02-08T23:49:27","modified_gmt":"2026-02-08T23:49:27","slug":"haarpflege","status":"publish","type":"page","link":"https:\/\/amka.com\/de\/haarpflege\/","title":{"rendered":"Haarpflege"},"content":{"rendered":"\t\t<div data-elementor-type=\"wp-page\" data-elementor-id=\"7308\" class=\"elementor elementor-7308 elementor-3466\" data-elementor-post-type=\"page\">\n\t\t\t\t<div class=\"elementor-element elementor-element-6336ea9 e-con-full e-flex e-con e-parent\" data-id=\"6336ea9\" data-element_type=\"container\" data-e-type=\"container\">\n\t\t\t\t<div class=\"elementor-element elementor-element-7d30162 elementor-widget elementor-widget-ruizarch-intro\" data-id=\"7d30162\" data-element_type=\"widget\" data-e-type=\"widget\" data-widget_type=\"ruizarch-intro.default\">\n\t\t\t\t<div class=\"elementor-widget-container\">\n\t\t\t\t\t\n\t\t<!-- banner -->\n\t\t<section class=\"mil-banner mil-banner-sm\">\n\t\t\t\t\t\t<img decoding=\"async\" src=\"https:\/\/amka.com\/wp-content\/uploads\/2025\/07\/beautiful-brown-haired-girl-with-a-perfectly-curls-2025-01-08-06-31-47-utc-scaled.jpg\" class=\"mil-bg-img mil-scale\" data-value-1=\".4\" data-value-2=\"1.4\" alt=\"image\" style=\"object-position: center\" loading=\"lazy\" \/>\n\t\t\t\t\t\t<div class=\"mil-overlay\" style=\"opacity: 0.25;\"><\/div>\n\n\t\t\t<div class=\"container\">\n\t\t\t\t<div class=\"mil-background-grid mil-top-space\"><\/div>\n\t\t\t\t<div class=\"mil-banner-content mil-center\">\n\t\t\t\t\t<div class=\"mil-mb-90\">\n\t\t\t\t\t\t\t\t\t\t\t\t\t\t\t\t\t\t<h1 class=\"mil-el-title mil-light mil-upper mil-mb-30\">\n\t\t\t\t\t\t\t<span >\n\t\t\t\t\t\t\t\tHaircare<br \/>Brands\t\t\t\t\t\t\t<\/span>\n\t\t\t\t\t\t<\/h1>\n\t\t\t\t\t\t\t\t\t\t\t\t\t\t\t\t\t<\/div>\n\t\t\t\t<\/div>\n\t\t\t<\/div>\n\t\t<\/section>\n\t\t<!-- banner end -->\n\n\t\t\t\t\t\t<\/div>\n\t\t\t\t<\/div>\n\t\t\t\t<\/div>\n\t\t<div class=\"elementor-element elementor-element-a5a3357 e-flex e-con-boxed e-con e-parent\" data-id=\"a5a3357\" data-element_type=\"container\" data-e-type=\"container\">\n\t\t\t\t\t<div class=\"e-con-inner\">\n\t\t<div class=\"elementor-element elementor-element-7b68ab25 e-con-full e-flex e-con e-child\" data-id=\"7b68ab25\" data-element_type=\"container\" data-e-type=\"container\">\n\t\t\t\t<div class=\"elementor-element elementor-element-69481ea5 elementor-widget elementor-widget-heading\" data-id=\"69481ea5\" data-element_type=\"widget\" data-e-type=\"widget\" data-widget_type=\"heading.default\">\n\t\t\t\t<div class=\"elementor-widget-container\">\n\t\t\t\t\t<span class=\"elementor-heading-title elementor-size-default\">\u00dcbersicht<\/span>\t\t\t\t<\/div>\n\t\t\t\t<\/div>\n\t\t\t\t<div class=\"elementor-element elementor-element-399ed883 elementor-widget__width-initial elementor-widget elementor-widget-ruizarch-divider\" data-id=\"399ed883\" data-element_type=\"widget\" data-e-type=\"widget\" data-widget_type=\"ruizarch-divider.default\">\n\t\t\t\t<div class=\"elementor-widget-container\">\n\t\t\t\t\t\n\t\t<div class=\"mil-divider-lg mil-up\"><\/div>\n\n\t\t\t\t\t\t<\/div>\n\t\t\t\t<\/div>\n\t\t\t\t<div class=\"elementor-element elementor-element-92d1fba elementor-widget elementor-widget-heading\" data-id=\"92d1fba\" data-element_type=\"widget\" data-e-type=\"widget\" data-widget_type=\"heading.default\">\n\t\t\t\t<div class=\"elementor-widget-container\">\n\t\t\t\t\t<h2 class=\"elementor-heading-title elementor-size-default\">Alles, was Sie brauchen, um Ihr Haar zu lieben<\/h2>\t\t\t\t<\/div>\n\t\t\t\t<\/div>\n\t\t\t\t<div class=\"elementor-element elementor-element-345f93d8 elementor-widget elementor-widget-text-editor\" data-id=\"345f93d8\" data-element_type=\"widget\" data-e-type=\"widget\" data-widget_type=\"text-editor.default\">\n\t\t\t\t<div class=\"elementor-widget-container\">\n\t\t\t\t\t\t\t\t\t<p>Ihr Haar ist eines Ihrer einzigartigsten Merkmale. Unser umfangreiches Haarpflegesortiment bietet L\u00f6sungen f\u00fcr verschiedene Haartypen, Herausforderungen und pers\u00f6nliche Vorlieben, damit Sie mit Haaren auftreten k\u00f6nnen, die Ihnen ein H\u00f6chstma\u00df an Selbstvertrauen verleihen.<\/p>\t\t\t\t\t\t\t\t<\/div>\n\t\t\t\t<\/div>\n\t\t\t\t<\/div>\n\t\t\t\t\t<\/div>\n\t\t\t\t<\/div>\n\t\t<div class=\"elementor-element elementor-element-7387af81 e-flex e-con-boxed e-con e-parent\" data-id=\"7387af81\" data-element_type=\"container\" data-e-type=\"container\">\n\t\t\t\t\t<div class=\"e-con-inner\">\n\t\t\t\t<div class=\"elementor-element elementor-element-324ffd7 elementor-widget elementor-widget-shortcode\" data-id=\"324ffd7\" data-element_type=\"widget\" data-e-type=\"widget\" data-widget_type=\"shortcode.default\">\n\t\t\t\t<div class=\"elementor-widget-container\">\n\t\t\t\t\t\t\t<div class=\"elementor-shortcode\">\t<div class=\"amka-brand-browser no-filters\">\n\t\t\n\t\t<section id=\"amka-brand-grid\"\n\t\t         class=\"amka-brand-grid-wrapper cols-4\"\n\t\t         style=\"--cols:4;\"\n\t\t         aria-live=\"polite\">\n\t\t\t<div class=\"amka-brand-grid\">\t\t\t<a href=\"https:\/\/amka.com\/de\/amka-brands\/argan-origins\/\"\n\t\t\t   class=\"amka-brand-card\"\n\t\t\t   style=\"--brand-color: #2ad2c9; --cut: 54px;\">\n\t\t\t\t<div class=\"amka-card-shape\">\n\t\t\t\t\t\t\t\t\t\t\t<img decoding=\"async\" src=\"https:\/\/amka.com\/wp-content\/uploads\/2025\/11\/Argan-Origins-Logo-500x500px-copy.png\" alt=\"Argan Origins\" class=\"brand-logo\" loading=\"lazy\" \/>\n\t\t\t\t\t\n\t\t\t\t\t<span class=\"edge base e1\"><\/span>\n\t\t\t\t\t<span class=\"edge base e2\"><\/span>\n\t\t\t\t\t<span class=\"edge base e3\"><\/span>\n\t\t\t\t\t<span class=\"edge base e4\"><\/span>\n\t\t\t\t\t<span class=\"edge base e5\"><\/span>\n\n\t\t\t\t\t<span class=\"edge anim e1\"><\/span>\n\t\t\t\t\t<span class=\"edge anim e2\"><\/span>\n\t\t\t\t\t<span class=\"edge anim e3\"><\/span>\n\t\t\t\t\t<span class=\"edge anim e4\"><\/span>\n\t\t\t\t\t<span class=\"edge anim e5\"><\/span>\n\t\t\t\t<\/div>\n\t\t\t<\/a>\n\t\t\t\t\t\t<a href=\"https:\/\/amka.com\/de\/amka-brands\/blm\/\"\n\t\t\t   class=\"amka-brand-card\"\n\t\t\t   style=\"--brand-color: #10B3BF; --cut: 54px;\">\n\t\t\t\t<div class=\"amka-card-shape\">\n\t\t\t\t\t\t\t\t\t\t\t<img decoding=\"async\" src=\"https:\/\/amka.com\/wp-content\/uploads\/2026\/02\/blm-block.png\" alt=\"BLM\" class=\"brand-logo\" loading=\"lazy\" \/>\n\t\t\t\t\t\n\t\t\t\t\t<span class=\"edge base e1\"><\/span>\n\t\t\t\t\t<span class=\"edge base e2\"><\/span>\n\t\t\t\t\t<span class=\"edge base e3\"><\/span>\n\t\t\t\t\t<span class=\"edge base e4\"><\/span>\n\t\t\t\t\t<span class=\"edge base e5\"><\/span>\n\n\t\t\t\t\t<span class=\"edge anim e1\"><\/span>\n\t\t\t\t\t<span class=\"edge anim e2\"><\/span>\n\t\t\t\t\t<span class=\"edge anim e3\"><\/span>\n\t\t\t\t\t<span class=\"edge anim e4\"><\/span>\n\t\t\t\t\t<span class=\"edge anim e5\"><\/span>\n\t\t\t\t<\/div>\n\t\t\t<\/a>\n\t\t\t\t\t\t<a href=\"https:\/\/amka.com\/de\/amka-brands\/bump-patrol\/\"\n\t\t\t   class=\"amka-brand-card\"\n\t\t\t   style=\"--brand-color: #ed1d26; --cut: 54px;\">\n\t\t\t\t<div class=\"amka-card-shape\">\n\t\t\t\t\t\t\t\t\t\t\t<img decoding=\"async\" src=\"https:\/\/amka.com\/wp-content\/uploads\/2026\/01\/AMKA-WBump-Patrol-Logo-500x500px-Black-copy.png\" alt=\"Bump Patrol\" class=\"brand-logo\" loading=\"lazy\" \/>\n\t\t\t\t\t\n\t\t\t\t\t<span class=\"edge base e1\"><\/span>\n\t\t\t\t\t<span class=\"edge base e2\"><\/span>\n\t\t\t\t\t<span class=\"edge base e3\"><\/span>\n\t\t\t\t\t<span class=\"edge base e4\"><\/span>\n\t\t\t\t\t<span class=\"edge base e5\"><\/span>\n\n\t\t\t\t\t<span class=\"edge anim e1\"><\/span>\n\t\t\t\t\t<span class=\"edge anim e2\"><\/span>\n\t\t\t\t\t<span class=\"edge anim e3\"><\/span>\n\t\t\t\t\t<span class=\"edge anim e4\"><\/span>\n\t\t\t\t\t<span class=\"edge anim e5\"><\/span>\n\t\t\t\t<\/div>\n\t\t\t<\/a>\n\t\t\t\t\t\t<a href=\"https:\/\/amka.com\/de\/amka-brands\/color-rebel\/\"\n\t\t\t   class=\"amka-brand-card\"\n\t\t\t   style=\"--brand-color: #80337B; --cut: 54px;\">\n\t\t\t\t<div class=\"amka-card-shape\">\n\t\t\t\t\t\t\t\t\t\t\t<img decoding=\"async\" src=\"https:\/\/amka.com\/wp-content\/uploads\/2025\/10\/color-rebel-resize.png\" alt=\"Color Rebel\" class=\"brand-logo\" loading=\"lazy\" \/>\n\t\t\t\t\t\n\t\t\t\t\t<span class=\"edge base e1\"><\/span>\n\t\t\t\t\t<span class=\"edge base e2\"><\/span>\n\t\t\t\t\t<span class=\"edge base e3\"><\/span>\n\t\t\t\t\t<span class=\"edge base e4\"><\/span>\n\t\t\t\t\t<span class=\"edge base e5\"><\/span>\n\n\t\t\t\t\t<span class=\"edge anim e1\"><\/span>\n\t\t\t\t\t<span class=\"edge anim e2\"><\/span>\n\t\t\t\t\t<span class=\"edge anim e3\"><\/span>\n\t\t\t\t\t<span class=\"edge anim e4\"><\/span>\n\t\t\t\t\t<span class=\"edge anim e5\"><\/span>\n\t\t\t\t<\/div>\n\t\t\t<\/a>\n\t\t\t\t\t\t<a href=\"https:\/\/amka.com\/de\/amka-brands\/easy-waves\/\"\n\t\t\t   class=\"amka-brand-card\"\n\t\t\t   style=\"--brand-color: #EC008C; --cut: 54px;\">\n\t\t\t\t<div class=\"amka-card-shape\">\n\t\t\t\t\t\t\t\t\t\t\t<img decoding=\"async\" src=\"https:\/\/amka.com\/wp-content\/uploads\/2025\/10\/EASY-WAVES-FINAL-LOGO68-768x627.png\" alt=\"Easy Waves\" class=\"brand-logo\" loading=\"lazy\" \/>\n\t\t\t\t\t\n\t\t\t\t\t<span class=\"edge base e1\"><\/span>\n\t\t\t\t\t<span class=\"edge base e2\"><\/span>\n\t\t\t\t\t<span class=\"edge base e3\"><\/span>\n\t\t\t\t\t<span class=\"edge base e4\"><\/span>\n\t\t\t\t\t<span class=\"edge base e5\"><\/span>\n\n\t\t\t\t\t<span class=\"edge anim e1\"><\/span>\n\t\t\t\t\t<span class=\"edge anim e2\"><\/span>\n\t\t\t\t\t<span class=\"edge anim e3\"><\/span>\n\t\t\t\t\t<span class=\"edge anim e4\"><\/span>\n\t\t\t\t\t<span class=\"edge anim e5\"><\/span>\n\t\t\t\t<\/div>\n\t\t\t<\/a>\n\t\t\t\t\t\t<a href=\"https:\/\/amka.com\/de\/amka-brands\/gill\/\"\n\t\t\t   class=\"amka-brand-card\"\n\t\t\t   style=\"--brand-color: #012f87; --cut: 54px;\">\n\t\t\t\t<div class=\"amka-card-shape\">\n\t\t\t\t\t\t\t\t\t\t\t<img decoding=\"async\" src=\"https:\/\/amka.com\/wp-content\/uploads\/2025\/10\/AMKA-Website-Gill-Logo-500x500px-.png\" alt=\"Gill\" class=\"brand-logo\" loading=\"lazy\" \/>\n\t\t\t\t\t\n\t\t\t\t\t<span class=\"edge base e1\"><\/span>\n\t\t\t\t\t<span class=\"edge base e2\"><\/span>\n\t\t\t\t\t<span class=\"edge base e3\"><\/span>\n\t\t\t\t\t<span class=\"edge base e4\"><\/span>\n\t\t\t\t\t<span class=\"edge base e5\"><\/span>\n\n\t\t\t\t\t<span class=\"edge anim e1\"><\/span>\n\t\t\t\t\t<span class=\"edge anim e2\"><\/span>\n\t\t\t\t\t<span class=\"edge anim e3\"><\/span>\n\t\t\t\t\t<span class=\"edge anim e4\"><\/span>\n\t\t\t\t\t<span class=\"edge anim e5\"><\/span>\n\t\t\t\t<\/div>\n\t\t\t<\/a>\n\t\t\t\t\t\t<a href=\"https:\/\/amka.com\/de\/amka-brands\/jabu-stone\/\"\n\t\t\t   class=\"amka-brand-card\"\n\t\t\t   style=\"--brand-color: #004F18; --cut: 54px;\">\n\t\t\t\t<div class=\"amka-card-shape\">\n\t\t\t\t\t\t\t\t\t\t\t<img decoding=\"async\" src=\"https:\/\/amka.com\/wp-content\/uploads\/2025\/10\/jabu-resize.png\" alt=\"Jabu Stone\" class=\"brand-logo\" loading=\"lazy\" \/>\n\t\t\t\t\t\n\t\t\t\t\t<span class=\"edge base e1\"><\/span>\n\t\t\t\t\t<span class=\"edge base e2\"><\/span>\n\t\t\t\t\t<span class=\"edge base e3\"><\/span>\n\t\t\t\t\t<span class=\"edge base e4\"><\/span>\n\t\t\t\t\t<span class=\"edge base e5\"><\/span>\n\n\t\t\t\t\t<span class=\"edge anim e1\"><\/span>\n\t\t\t\t\t<span class=\"edge anim e2\"><\/span>\n\t\t\t\t\t<span class=\"edge anim e3\"><\/span>\n\t\t\t\t\t<span class=\"edge anim e4\"><\/span>\n\t\t\t\t\t<span class=\"edge anim e5\"><\/span>\n\t\t\t\t<\/div>\n\t\t\t<\/a>\n\t\t\t\t\t\t<a href=\"https:\/\/amka.com\/de\/amka-brands\/mera\/\"\n\t\t\t   class=\"amka-brand-card\"\n\t\t\t   style=\"--brand-color: #214B1E; --cut: 54px;\">\n\t\t\t\t<div class=\"amka-card-shape\">\n\t\t\t\t\t\t\t\t\t\t\t<img decoding=\"async\" src=\"https:\/\/amka.com\/wp-content\/uploads\/2025\/10\/mera-resize.png\" alt=\"Mera\" class=\"brand-logo\" loading=\"lazy\" \/>\n\t\t\t\t\t\n\t\t\t\t\t<span class=\"edge base e1\"><\/span>\n\t\t\t\t\t<span class=\"edge base e2\"><\/span>\n\t\t\t\t\t<span class=\"edge base e3\"><\/span>\n\t\t\t\t\t<span class=\"edge base e4\"><\/span>\n\t\t\t\t\t<span class=\"edge base e5\"><\/span>\n\n\t\t\t\t\t<span class=\"edge anim e1\"><\/span>\n\t\t\t\t\t<span class=\"edge anim e2\"><\/span>\n\t\t\t\t\t<span class=\"edge anim e3\"><\/span>\n\t\t\t\t\t<span class=\"edge anim e4\"><\/span>\n\t\t\t\t\t<span class=\"edge anim e5\"><\/span>\n\t\t\t\t<\/div>\n\t\t\t<\/a>\n\t\t\t\t\t\t<a href=\"https:\/\/amka.com\/de\/amka-brands\/mpl\/\"\n\t\t\t   class=\"amka-brand-card\"\n\t\t\t   style=\"--brand-color: #fe5000; --cut: 54px;\">\n\t\t\t\t<div class=\"amka-card-shape\">\n\t\t\t\t\t\t\t\t\t\t\t<img decoding=\"async\" src=\"https:\/\/amka.com\/wp-content\/uploads\/2026\/02\/AMKA-Website-MPL-Logo-500x500px-Black-copy.png\" alt=\"MPL\" class=\"brand-logo\" loading=\"lazy\" \/>\n\t\t\t\t\t\n\t\t\t\t\t<span class=\"edge base e1\"><\/span>\n\t\t\t\t\t<span class=\"edge base e2\"><\/span>\n\t\t\t\t\t<span class=\"edge base e3\"><\/span>\n\t\t\t\t\t<span class=\"edge base e4\"><\/span>\n\t\t\t\t\t<span class=\"edge base e5\"><\/span>\n\n\t\t\t\t\t<span class=\"edge anim e1\"><\/span>\n\t\t\t\t\t<span class=\"edge anim e2\"><\/span>\n\t\t\t\t\t<span class=\"edge anim e3\"><\/span>\n\t\t\t\t\t<span class=\"edge anim e4\"><\/span>\n\t\t\t\t\t<span class=\"edge anim e5\"><\/span>\n\t\t\t\t<\/div>\n\t\t\t<\/a>\n\t\t\t\t\t\t<a href=\"https:\/\/amka.com\/de\/amka-brands\/perfect-choice\/\"\n\t\t\t   class=\"amka-brand-card\"\n\t\t\t   style=\"--brand-color: #f6eba6; --cut: 54px;\">\n\t\t\t\t<div class=\"amka-card-shape\">\n\t\t\t\t\t\t\t\t\t\t\t<img decoding=\"async\" src=\"https:\/\/amka.com\/wp-content\/uploads\/2026\/02\/AMKA-Website-Perfect-Choice-Logo-500x500px-Black-copy.png\" alt=\"Perfect Choice\" class=\"brand-logo\" loading=\"lazy\" \/>\n\t\t\t\t\t\n\t\t\t\t\t<span class=\"edge base e1\"><\/span>\n\t\t\t\t\t<span class=\"edge base e2\"><\/span>\n\t\t\t\t\t<span class=\"edge base e3\"><\/span>\n\t\t\t\t\t<span class=\"edge base e4\"><\/span>\n\t\t\t\t\t<span class=\"edge base e5\"><\/span>\n\n\t\t\t\t\t<span class=\"edge anim e1\"><\/span>\n\t\t\t\t\t<span class=\"edge anim e2\"><\/span>\n\t\t\t\t\t<span class=\"edge anim e3\"><\/span>\n\t\t\t\t\t<span class=\"edge anim e4\"><\/span>\n\t\t\t\t\t<span class=\"edge anim e5\"><\/span>\n\t\t\t\t<\/div>\n\t\t\t<\/a>\n\t\t\t\t\t\t<a href=\"https:\/\/amka.com\/de\/amka-brands\/protein-feed\/\"\n\t\t\t   class=\"amka-brand-card\"\n\t\t\t   style=\"--brand-color: #363636; --cut: 54px;\">\n\t\t\t\t<div class=\"amka-card-shape\">\n\t\t\t\t\t\t\t\t\t\t\t<img decoding=\"async\" src=\"https:\/\/amka.com\/wp-content\/uploads\/2025\/10\/AMKA-Website-Protein-Feed-Logo-500x500px-Black-copy.png\" alt=\"Protein Feed\" class=\"brand-logo\" loading=\"lazy\" \/>\n\t\t\t\t\t\n\t\t\t\t\t<span class=\"edge base e1\"><\/span>\n\t\t\t\t\t<span class=\"edge base e2\"><\/span>\n\t\t\t\t\t<span class=\"edge base e3\"><\/span>\n\t\t\t\t\t<span class=\"edge base e4\"><\/span>\n\t\t\t\t\t<span class=\"edge base e5\"><\/span>\n\n\t\t\t\t\t<span class=\"edge anim e1\"><\/span>\n\t\t\t\t\t<span class=\"edge anim e2\"><\/span>\n\t\t\t\t\t<span class=\"edge anim e3\"><\/span>\n\t\t\t\t\t<span class=\"edge anim e4\"><\/span>\n\t\t\t\t\t<span class=\"edge anim e5\"><\/span>\n\t\t\t\t<\/div>\n\t\t\t<\/a>\n\t\t\t\t\t\t<a href=\"https:\/\/amka.com\/de\/amka-brands\/sofnfree\/\"\n\t\t\t   class=\"amka-brand-card\"\n\t\t\t   style=\"--brand-color: #00964C; --cut: 54px;\">\n\t\t\t\t<div class=\"amka-card-shape\">\n\t\t\t\t\t\t\t\t\t\t\t<img decoding=\"async\" src=\"https:\/\/amka.com\/wp-content\/uploads\/2026\/02\/sofnfree-block.png\" alt=\"Sofnfree\" class=\"brand-logo\" loading=\"lazy\" \/>\n\t\t\t\t\t\n\t\t\t\t\t<span class=\"edge base e1\"><\/span>\n\t\t\t\t\t<span class=\"edge base e2\"><\/span>\n\t\t\t\t\t<span class=\"edge base e3\"><\/span>\n\t\t\t\t\t<span class=\"edge base e4\"><\/span>\n\t\t\t\t\t<span class=\"edge base e5\"><\/span>\n\n\t\t\t\t\t<span class=\"edge anim e1\"><\/span>\n\t\t\t\t\t<span class=\"edge anim e2\"><\/span>\n\t\t\t\t\t<span class=\"edge anim e3\"><\/span>\n\t\t\t\t\t<span class=\"edge anim e4\"><\/span>\n\t\t\t\t\t<span class=\"edge anim e5\"><\/span>\n\t\t\t\t<\/div>\n\t\t\t<\/a>\n\t\t\t\t\t\t<a href=\"https:\/\/amka.com\/de\/amka-brands\/sta-sof-fro\/\"\n\t\t\t   class=\"amka-brand-card\"\n\t\t\t   style=\"--brand-color: #a42035; --cut: 54px;\">\n\t\t\t\t<div class=\"amka-card-shape\">\n\t\t\t\t\t\t\t\t\t\t\t<img decoding=\"async\" src=\"https:\/\/amka.com\/wp-content\/uploads\/2026\/02\/AMKA-Website-Sta-Sof-Fro-Logo-500x500px-Black-copy.png\" alt=\"Sta Sof Fro\" class=\"brand-logo\" loading=\"lazy\" \/>\n\t\t\t\t\t\n\t\t\t\t\t<span class=\"edge base e1\"><\/span>\n\t\t\t\t\t<span class=\"edge base e2\"><\/span>\n\t\t\t\t\t<span class=\"edge base e3\"><\/span>\n\t\t\t\t\t<span class=\"edge base e4\"><\/span>\n\t\t\t\t\t<span class=\"edge base e5\"><\/span>\n\n\t\t\t\t\t<span class=\"edge anim e1\"><\/span>\n\t\t\t\t\t<span class=\"edge anim e2\"><\/span>\n\t\t\t\t\t<span class=\"edge anim e3\"><\/span>\n\t\t\t\t\t<span class=\"edge anim e4\"><\/span>\n\t\t\t\t\t<span class=\"edge anim e5\"><\/span>\n\t\t\t\t<\/div>\n\t\t\t<\/a>\n\t\t\t\t\t\t<a href=\"https:\/\/amka.com\/de\/amka-brands\/stylin-dredz\/\"\n\t\t\t   class=\"amka-brand-card\"\n\t\t\t   style=\"--brand-color: #00778b; --cut: 54px;\">\n\t\t\t\t<div class=\"amka-card-shape\">\n\t\t\t\t\t\t\t\t\t\t\t<img decoding=\"async\" src=\"https:\/\/amka.com\/wp-content\/uploads\/2026\/02\/Stylin-Dredz-Logo-small-transparent-768x484.png\" alt=\"Stylin\u2019 Dredz\" class=\"brand-logo\" loading=\"lazy\" \/>\n\t\t\t\t\t\n\t\t\t\t\t<span class=\"edge base e1\"><\/span>\n\t\t\t\t\t<span class=\"edge base e2\"><\/span>\n\t\t\t\t\t<span class=\"edge base e3\"><\/span>\n\t\t\t\t\t<span class=\"edge base e4\"><\/span>\n\t\t\t\t\t<span class=\"edge base e5\"><\/span>\n\n\t\t\t\t\t<span class=\"edge anim e1\"><\/span>\n\t\t\t\t\t<span class=\"edge anim e2\"><\/span>\n\t\t\t\t\t<span class=\"edge anim e3\"><\/span>\n\t\t\t\t\t<span class=\"edge anim e4\"><\/span>\n\t\t\t\t\t<span class=\"edge anim e5\"><\/span>\n\t\t\t\t<\/div>\n\t\t\t<\/a>\n\t\t\t<\/div>\t\t<\/section>\n\t<\/div>\n\n\t\n\t<script>window.AMKA_BRANDS={ajax_url:\"https:\/\/amka.com\/wp-admin\/admin-ajax.php\",nonce:\"bad93895a9\"};<\/script><\/div>\n\t\t\t\t\t\t<\/div>\n\t\t\t\t<\/div>\n\t\t<div class=\"elementor-element elementor-element-1d8a9857 e-con-full e-flex e-con e-child\" data-id=\"1d8a9857\" data-element_type=\"container\" data-e-type=\"container\">\n\t\t\t\t<div class=\"elementor-element elementor-element-4179f70c elementor-widget elementor-widget-ruizarch-services\" data-id=\"4179f70c\" data-element_type=\"widget\" data-e-type=\"widget\" data-widget_type=\"ruizarch-services.default\">\n\t\t\t\t<div class=\"elementor-widget-container\">\n\t\t\t\t\t\n\t\t\t\t\t<div class=\"mil-service-card mil-up mil-mb-30\">\n\t\t\t\t\t\t\t\t<div class=\"mil-card-number\">\n\t\t\t\t\t<span >\n\t\t\t\t\t\t01\t\t\t\t\t<\/span>\n\t\t\t\t<\/div>\n\t\t\t\t\t\t\t\t<div class=\"mil-center\">\t\t\t\t\t\t\t\t\t\t\t\t\t\t\t\t\t\t\t\t<div class=\"mil-icon mil-icon-lg mil-mb-30\">\n\t\t\t\t\t\t<img decoding=\"async\" src=\"\" alt=\"Enter title\" \/>\n\t\t\t\t\t<\/div>\n\t\t\t\t\t\t\t\t\t\t\t\t\t\t\t\t\t\t\t\t<h4 class=\"mil-el-title mil-upper mil-mb-20\">\n\t\t\t\t\t\t<span >\n\t\t\t\t\t\t\tEnter title\t\t\t\t\t\t<\/span>\n\t\t\t\t\t<\/h4>\n\t\t\t\t\t\t\t\t\t\t<div class=\"mil-divider-sm mil-mb-20\"><\/div>\n\t\t\t\t\t\t\t\t\t\t<p class=\"mil-service-text\">\n\t\t\t\t\t\t<span >\n\t\t\t\t\t\t\tEnter description\t\t\t\t\t\t<\/span>\n\t\t\t\t\t<\/p>\n\t\t\t\t\t\t\t\t\t\t\t\t\t\t\t\t\t\t\t\t<div class=\"mil-go-buton mil-icon mil-icon-lg mil-icon-accent-bg\">\n\t\t\t\t\t\t<img decoding=\"async\" src=\"\" alt=\"Enter title\" \/>\n\t\t\t\t\t<\/div>\n\t\t\t\t\t\t\t\t\t\t\t\t\t\t<\/div>\t\t\t\t\n\t\t\t<\/div>\n\t\t\n\t\t\t\t\t<\/div>\n\t\t\t\t<\/div>\n\t\t\t\t<div class=\"elementor-element elementor-element-fcc7a71 elementor-widget elementor-widget-ruizarch-services\" data-id=\"fcc7a71\" data-element_type=\"widget\" data-e-type=\"widget\" data-widget_type=\"ruizarch-services.default\">\n\t\t\t\t<div class=\"elementor-widget-container\">\n\t\t\t\t\t\n\t\t\t\t\t<div class=\"mil-service-card mil-up mil-mb-30\">\n\t\t\t\t\t\t\t\t<div class=\"mil-card-number\">\n\t\t\t\t\t<span >\n\t\t\t\t\t\t01\t\t\t\t\t<\/span>\n\t\t\t\t<\/div>\n\t\t\t\t\t\t\t\t<div class=\"mil-center\">\t\t\t\t\t\t\t\t\t\t\t\t\t\t\t\t\t\t\t\t<div class=\"mil-icon mil-icon-lg mil-mb-30\">\n\t\t\t\t\t\t<img decoding=\"async\" src=\"\" alt=\"Enter title\" \/>\n\t\t\t\t\t<\/div>\n\t\t\t\t\t\t\t\t\t\t\t\t\t\t\t\t\t\t\t\t<h4 class=\"mil-el-title mil-upper mil-mb-20\">\n\t\t\t\t\t\t<span >\n\t\t\t\t\t\t\tEnter title\t\t\t\t\t\t<\/span>\n\t\t\t\t\t<\/h4>\n\t\t\t\t\t\t\t\t\t\t<div class=\"mil-divider-sm mil-mb-20\"><\/div>\n\t\t\t\t\t\t\t\t\t\t<p class=\"mil-service-text\">\n\t\t\t\t\t\t<span >\n\t\t\t\t\t\t\tEnter description\t\t\t\t\t\t<\/span>\n\t\t\t\t\t<\/p>\n\t\t\t\t\t\t\t\t\t\t\t\t\t\t\t\t\t\t\t\t<div class=\"mil-go-buton mil-icon mil-icon-lg mil-icon-accent-bg\">\n\t\t\t\t\t\t<img decoding=\"async\" src=\"\" alt=\"Enter title\" \/>\n\t\t\t\t\t<\/div>\n\t\t\t\t\t\t\t\t\t\t\t\t\t\t<\/div>\t\t\t\t\n\t\t\t<\/div>\n\t\t\n\t\t\t\t\t<\/div>\n\t\t\t\t<\/div>\n\t\t\t\t<div class=\"elementor-element elementor-element-6e6dfc50 elementor-widget elementor-widget-ruizarch-services\" data-id=\"6e6dfc50\" data-element_type=\"widget\" data-e-type=\"widget\" data-widget_type=\"ruizarch-services.default\">\n\t\t\t\t<div class=\"elementor-widget-container\">\n\t\t\t\t\t\n\t\t\t\t\t<div class=\"mil-service-card mil-up mil-mb-30\">\n\t\t\t\t\t\t\t\t<div class=\"mil-card-number\">\n\t\t\t\t\t<span >\n\t\t\t\t\t\t01\t\t\t\t\t<\/span>\n\t\t\t\t<\/div>\n\t\t\t\t\t\t\t\t<div class=\"mil-center\">\t\t\t\t\t\t\t\t\t\t\t\t\t\t\t\t\t\t\t\t<div class=\"mil-icon mil-icon-lg mil-mb-30\">\n\t\t\t\t\t\t<img decoding=\"async\" src=\"\" alt=\"Enter title\" \/>\n\t\t\t\t\t<\/div>\n\t\t\t\t\t\t\t\t\t\t\t\t\t\t\t\t\t\t\t\t<h4 class=\"mil-el-title mil-upper mil-mb-20\">\n\t\t\t\t\t\t<span >\n\t\t\t\t\t\t\tEnter title\t\t\t\t\t\t<\/span>\n\t\t\t\t\t<\/h4>\n\t\t\t\t\t\t\t\t\t\t<div class=\"mil-divider-sm mil-mb-20\"><\/div>\n\t\t\t\t\t\t\t\t\t\t<p class=\"mil-service-text\">\n\t\t\t\t\t\t<span >\n\t\t\t\t\t\t\tEnter description\t\t\t\t\t\t<\/span>\n\t\t\t\t\t<\/p>\n\t\t\t\t\t\t\t\t\t\t\t\t\t\t\t\t\t\t\t\t<div class=\"mil-go-buton mil-icon mil-icon-lg mil-icon-accent-bg\">\n\t\t\t\t\t\t<img decoding=\"async\" src=\"\" alt=\"Enter title\" \/>\n\t\t\t\t\t<\/div>\n\t\t\t\t\t\t\t\t\t\t\t\t\t\t<\/div>\t\t\t\t\n\t\t\t<\/div>\n\t\t\n\t\t\t\t\t<\/div>\n\t\t\t\t<\/div>\n\t\t\t\t<\/div>\n\t\t\t\t\t<\/div>\n\t\t\t\t<\/div>\n\t\t\t\t<\/div>\n\t\t","protected":false},"excerpt":{"rendered":"<p>HaircareBrands \u00dcbersicht Alles, was Sie brauchen, um Ihr Haar zu lieben Ihr Haar ist eines Ihrer einzigartigsten Merkmale&#8230;. <br \/><a href=\"https:\/\/amka.com\/de\/amka-brands\/stylin-dredz\/\" class=\"mil-link mil-upper mil-up mil-mt-30\"><span>Read<\/span><span class=\"mil-arrow\"><img decoding=\"async\" src=\"https:\/\/amka.com\/wp-content\/themes\/ruizarch\/assets\/img\/icons\/1.svg\" alt=\"arrow\" loading=\"lazy\"><\/span><\/a><\/p>\n","protected":false},"author":1,"featured_media":0,"parent":0,"menu_order":0,"comment_status":"closed","ping_status":"closed","template":"elementor_header_footer","meta":{"_acf_changed":false,"footnotes":""},"class_list":["post-7308","page","type-page","status-publish","hentry"],"acf":[],"_links":{"self":[{"href":"https:\/\/amka.com\/de\/wp-json\/wp\/v2\/pages\/7308","targetHints":{"allow":["GET"]}}],"collection":[{"href":"https:\/\/amka.com\/de\/wp-json\/wp\/v2\/pages"}],"about":[{"href":"https:\/\/amka.com\/de\/wp-json\/wp\/v2\/types\/page"}],"author":[{"embeddable":true,"href":"https:\/\/amka.com\/de\/wp-json\/wp\/v2\/users\/1"}],"replies":[{"embeddable":true,"href":"https:\/\/amka.com\/de\/wp-json\/wp\/v2\/comments?post=7308"}],"version-history":[{"count":1,"href":"https:\/\/amka.com\/de\/wp-json\/wp\/v2\/pages\/7308\/revisions"}],"predecessor-version":[{"id":7311,"href":"https:\/\/amka.com\/de\/wp-json\/wp\/v2\/pages\/7308\/revisions\/7311"}],"wp:attachment":[{"href":"https:\/\/amka.com\/de\/wp-json\/wp\/v2\/media?parent=7308"}],"curies":[{"name":"wp","href":"https:\/\/api.w.org\/{rel}","templated":true}]}}