{"id":8803,"date":"2025-06-22T17:32:10","date_gmt":"2025-06-22T17:32:10","guid":{"rendered":"https:\/\/amka.com\/empleo\/"},"modified":"2026-04-21T09:33:01","modified_gmt":"2026-04-21T09:33:01","slug":"empleo","status":"publish","type":"page","link":"https:\/\/amka.com\/es\/empleo\/","title":{"rendered":"Empleo"},"content":{"rendered":"\t\t<div data-elementor-type=\"wp-page\" data-elementor-id=\"8803\" class=\"elementor elementor-8803 elementor-4455\" data-elementor-post-type=\"page\">\n\t\t\t\t<div class=\"elementor-element elementor-element-783d9c6d e-con-full e-flex e-con e-parent\" data-id=\"783d9c6d\" data-element_type=\"container\" data-e-type=\"container\">\n\t\t\t\t<div class=\"elementor-element elementor-element-4f9c7490 elementor-widget elementor-widget-ruizarch-intro\" data-id=\"4f9c7490\" data-element_type=\"widget\" data-e-type=\"widget\" data-widget_type=\"ruizarch-intro.default\">\n\t\t\t\t<div class=\"elementor-widget-container\">\n\t\t\t\t\t\n\t\t<!-- banner -->\n\t\t<section class=\"mil-banner mil-banner-sm\">\n\t\t\t\t\t\t<img decoding=\"async\" src=\"https:\/\/amka.com\/wp-content\/uploads\/2025\/06\/human-resource-manager-is-explaining-the-job-to-th-2025-02-12-18-39-12-utc-scaled.jpg\" class=\"mil-bg-img mil-scale\" data-value-1=\".4\" data-value-2=\"1.4\" alt=\"image\" style=\"object-position: center\" loading=\"lazy\" \/>\n\t\t\t\t\t\t<div class=\"mil-overlay\" style=\"opacity: 0.2;\"><\/div>\n\n\t\t\t<div class=\"container\">\n\t\t\t\t<div class=\"mil-background-grid mil-top-space\"><\/div>\n\t\t\t\t<div class=\"mil-banner-content mil-center\">\n\t\t\t\t\t<div class=\"mil-mb-90\">\n\t\t\t\t\t\t\t\t\t\t\t\t\t\t\t\t\t\t<h1 class=\"mil-el-title mil-light mil-upper mil-mb-30\">\n\t\t\t\t\t\t\t<span >\n\t\t\t\t\t\t\t\tEmpleo\t\t\t\t\t\t\t<\/span>\n\t\t\t\t\t\t<\/h1>\n\t\t\t\t\t\t\t\t\t\t\t\t\t\t\t\t\t<\/div>\n\t\t\t\t<\/div>\n\t\t\t<\/div>\n\t\t<\/section>\n\t\t<!-- banner end -->\n\n\t\t\t\t\t\t<\/div>\n\t\t\t\t<\/div>\n\t\t\t\t<\/div>\n\t\t<div class=\"elementor-element elementor-element-63793d4 e-flex e-con-boxed e-con e-parent\" data-id=\"63793d4\" data-element_type=\"container\" data-e-type=\"container\">\n\t\t\t\t\t<div class=\"e-con-inner\">\n\t\t\t\t<div class=\"elementor-element elementor-element-0b56336 elementor-widget elementor-widget-heading\" data-id=\"0b56336\" data-element_type=\"widget\" data-e-type=\"widget\" data-widget_type=\"heading.default\">\n\t\t\t\t<div class=\"elementor-widget-container\">\n\t\t\t\t\t<h2 class=\"elementor-heading-title elementor-size-default\">Empleo en Amka<\/h2>\t\t\t\t<\/div>\n\t\t\t\t<\/div>\n\t\t\t\t<div class=\"elementor-element elementor-element-e69d453 elementor-widget elementor-widget-text-editor\" data-id=\"e69d453\" data-element_type=\"widget\" data-e-type=\"widget\" data-widget_type=\"text-editor.default\">\n\t\t\t\t<div class=\"elementor-widget-container\">\n\t\t\t\t\t\t\t\t\t<p>Forma parte de nuestra historia de creaci\u00f3n y distribuci\u00f3n de abundancia. Con m\u00e1s de 50 marcas disponibles en pa\u00edses de todo el mundo, existen numerosas oportunidades para una carrera satisfactoria y con prop\u00f3sito, creando y cuidando marcas y productos que aporten belleza al mundo. <\/p>\t\t\t\t\t\t\t\t<\/div>\n\t\t\t\t<\/div>\n\t\t\t\t\t<\/div>\n\t\t\t\t<\/div>\n\t\t<div class=\"elementor-element elementor-element-38c3906 e-flex e-con-boxed e-con e-parent\" data-id=\"38c3906\" data-element_type=\"container\" data-e-type=\"container\">\n\t\t\t\t\t<div class=\"e-con-inner\">\n\t\t<div class=\"elementor-element elementor-element-56ce963 e-con-full e-flex e-con e-child\" data-id=\"56ce963\" data-element_type=\"container\" data-e-type=\"container\">\n\t\t<div class=\"elementor-element elementor-element-f44413a e-con-full e-flex e-con e-child\" data-id=\"f44413a\" data-element_type=\"container\" data-e-type=\"container\">\n\t\t\t\t<div class=\"elementor-element elementor-element-a5e91a0 elementor-widget elementor-widget-ruizarch-about-image\" data-id=\"a5e91a0\" data-element_type=\"widget\" data-e-type=\"widget\" data-widget_type=\"ruizarch-about-image.default\">\n\t\t\t\t<div class=\"elementor-widget-container\">\n\t\t\t\t\t\n\t\t<div class=\"mil-illustration mil-up\">\n\t\t<div class=\"mil-image-frame\">\n\t\t<img decoding=\"async\" src=\"https:\/\/amka.com\/wp-content\/uploads\/2024\/06\/photo-13.jpg\" alt=\"image\" class=\"mil-scale\" data-value-1=\"1\" data-value-2=\"1.3\" loading=\"lazy\">\n\t<\/div>\n\t\n\t\t<div class=\"mil-about-counter\">\n\t\t<div class=\"mil-about-counter-inner\">\n\t\t\t\t\t\t<div class=\"mil-h1 mil-counter mil-right mil-mb-10\" data-number=\"20K\">\n\t\t\t\t<span >\n\t\t\t\t\t20K\t\t\t\t<\/span>\n\t\t\t<\/div>\n\t\t\t\t\t\t\t\t\t<h5 class=\"mil-el-label mil-upper mil-right\">\n\t\t\t\t<span >\n\t\t\t\t\t<span class=\"mil-marker\">Empleados<\/span><br>En todo el mundo  \t\t\t\t<\/span>\n\t\t\t<\/h5>\n\t\t\t\t\t<\/div>\n\t<\/div>\n\t\n\t<\/div>\n\n\t\t\t\t\t\t<\/div>\n\t\t\t\t<\/div>\n\t\t\t\t<\/div>\n\t\t<div class=\"elementor-element elementor-element-324ea6c e-con-full e-flex e-con e-child\" data-id=\"324ea6c\" data-element_type=\"container\" data-e-type=\"container\">\n\t\t\t\t<div class=\"elementor-element elementor-element-07d1ef2 elementor-widget elementor-widget-ruizarch-heading\" data-id=\"07d1ef2\" data-element_type=\"widget\" data-e-type=\"widget\" data-widget_type=\"ruizarch-heading.default\">\n\t\t\t\t<div class=\"elementor-widget-container\">\n\t\t\t\t\t\n\t\t<div class=\"mil-left\">\n\t\t\t\t\t\t<div class=\"mil-suptitle mil-el-subtitle mil-upper mil-up mil-mb-30\">\n\t\t\t\t<span >\n\t\t\t\t\tTu futuro\t\t\t\t<\/span>\n\t\t\t<\/div>\n\t\t\t\t\t\t\t\t<\/div>\n\n\t\t\t\t\t\t<\/div>\n\t\t\t\t<\/div>\n\t\t\t\t<div class=\"elementor-element elementor-element-2a8a57a elementor-widget elementor-widget-heading\" data-id=\"2a8a57a\" data-element_type=\"widget\" data-e-type=\"widget\" data-widget_type=\"heading.default\">\n\t\t\t\t<div class=\"elementor-widget-container\">\n\t\t\t\t\t<h2 class=\"elementor-heading-title elementor-size-default\">\u00bfTe interesa unirte a nuestro equipo?<\/h2>\t\t\t\t<\/div>\n\t\t\t\t<\/div>\n\t\t\t\t<div class=\"elementor-element elementor-element-ab437b3 elementor-widget elementor-widget-ruizarch-description\" data-id=\"ab437b3\" data-element_type=\"widget\" data-e-type=\"widget\" data-widget_type=\"ruizarch-description.default\">\n\t\t\t\t<div class=\"elementor-widget-container\">\n\t\t\t\t\t\n\t\t\t\t<div class=\"mil-text mil-up mil-mb-30\">\n\t\t\t<div >\n\t\t\t\t<p>\u00bfTe apasiona crear y construir marcas que aporten belleza al mundo? Entonces, \u00a1nos encantar\u00eda saber de ti! Env\u00edanos tu CV y nos pondremos en contacto contigo si surge alguna oportunidad.  <\/p>\n\t\t\t<\/div>\n\t\t<\/div>\n\t\t\n\t\t\t\t\t\t<\/div>\n\t\t\t\t<\/div>\n\t\t\t\t<div class=\"elementor-element elementor-element-5ef2564 elementor-view-default elementor-widget elementor-widget-icon\" data-id=\"5ef2564\" data-element_type=\"widget\" data-e-type=\"widget\" data-widget_type=\"icon.default\">\n\t\t\t\t<div class=\"elementor-widget-container\">\n\t\t\t\t\t\t\t<div class=\"elementor-icon-wrapper\">\n\t\t\t<div class=\"elementor-icon\">\n\t\t\t<svg xmlns=\"http:\/\/www.w3.org\/2000\/svg\" id=\"a\" height=\"170\" viewBox=\"0 0 170 170\" width=\"170\" data-name=\"svg\"><path d=\"m112.045 133.568c-1.975-1.977-5.182-1.977-7.157 0l-14.084 14.083v-62.491c0-2.795-2.266-5.061-5.061-5.061s-5.061 2.266-5.061 5.061v62.491l-14.083-14.082c-4.862-4.581-11.748 2.273-7.158 7.157 0 0 22.723 22.723 22.723 22.723 1.976 1.977 5.181 1.977 7.157 0l22.724-22.723c1.977-1.976 1.977-5.181 0-7.157z\"><\/path><path d=\"m81.074 70.188c.491 1.238 1.505 2.231 2.733 2.743.304.122.628.223.952.284 1.298.277 2.698-.023 3.795-.749.274-.192.537-.394.77-.628.232-.242.445-.495.627-.779.183-.274.334-.566.466-.871.376-.926.492-1.95.284-2.925-.837-4.826-7.88-5.51-9.626-.941-.525 1.219-.524 2.642 0 3.866z\"><\/path><path d=\"m85.74 32.281c6.691-.209 6.689-9.922 0-10.122-6.689.202-6.689 9.915 0 10.122z\"><\/path><path d=\"m85.74 52.798c6.691-.209 6.689-9.921 0-10.122-6.689.202-6.689 9.915 0 10.122z\"><\/path><path d=\"m85.74 11.762c3.461.071 6.013-3.63 4.737-6.833h-9.474c-1.276 3.203 1.276 6.903 4.737 6.833z\"><\/path><\/svg>\t\t\t<\/div>\n\t\t<\/div>\n\t\t\t\t\t\t<\/div>\n\t\t\t\t<\/div>\n\t\t\t\t<div class=\"elementor-element elementor-element-ca8bc61 elementor-align-center elementor-widget elementor-widget-button\" data-id=\"ca8bc61\" data-element_type=\"widget\" data-e-type=\"widget\" data-widget_type=\"button.default\">\n\t\t\t\t<div class=\"elementor-widget-container\">\n\t\t\t\t\t\t\t\t\t<div class=\"elementor-button-wrapper\">\n\t\t\t\t\t<a class=\"elementor-button elementor-button-link elementor-size-sm\" href=\"https:\/\/amkacareers.ci.hr\/applicant\/index.php?\" target=\"_blank\">\n\t\t\t\t\t\t<span class=\"elementor-button-content-wrapper\">\n\t\t\t\t\t\t\t\t\t<span class=\"elementor-button-text\">Aplicar ahora<\/span>\n\t\t\t\t\t<\/span>\n\t\t\t\t\t<\/a>\n\t\t\t\t<\/div>\n\t\t\t\t\t\t\t\t<\/div>\n\t\t\t\t<\/div>\n\t\t\t\t<\/div>\n\t\t\t\t<\/div>\n\t\t\t\t\t<\/div>\n\t\t\t\t<\/div>\n\t\t<div class=\"elementor-element elementor-element-6338a616 e-flex e-con-boxed e-con e-parent\" data-id=\"6338a616\" data-element_type=\"container\" data-e-type=\"container\" data-settings=\"{&quot;background_background&quot;:&quot;classic&quot;}\">\n\t\t\t\t\t<div class=\"e-con-inner\">\n\t\t\t\t<div class=\"elementor-element elementor-element-7661e0c6 elementor-widget__width-initial elementor-widget elementor-widget-heading\" data-id=\"7661e0c6\" data-element_type=\"widget\" data-e-type=\"widget\" data-widget_type=\"heading.default\">\n\t\t\t\t<div class=\"elementor-widget-container\">\n\t\t\t\t\t<h2 class=\"elementor-heading-title elementor-size-default\"><span>Podr\u00edas unirte al equipo que<\/span> <br>crea y comparte abundancia<\/h2>\t\t\t\t<\/div>\n\t\t\t\t<\/div>\n\t\t\t\t<div class=\"elementor-element elementor-element-61ebd14 elementor-align-center elementor-widget elementor-widget-button\" data-id=\"61ebd14\" data-element_type=\"widget\" data-e-type=\"widget\" data-widget_type=\"button.default\">\n\t\t\t\t<div class=\"elementor-widget-container\">\n\t\t\t\t\t\t\t\t\t<div class=\"elementor-button-wrapper\">\n\t\t\t\t\t<a class=\"elementor-button elementor-button-link elementor-size-sm\" href=\"https:\/\/amka.com\/es\/contactanos\/\">\n\t\t\t\t\t\t<span class=\"elementor-button-content-wrapper\">\n\t\t\t\t\t\t\t\t\t<span class=\"elementor-button-text\">Cont\u00e1ctanos<\/span>\n\t\t\t\t\t<\/span>\n\t\t\t\t\t<\/a>\n\t\t\t\t<\/div>\n\t\t\t\t\t\t\t\t<\/div>\n\t\t\t\t<\/div>\n\t\t\t\t\t<\/div>\n\t\t\t\t<\/div>\n\t\t\t\t<\/div>\n\t\t","protected":false},"excerpt":{"rendered":"<p>Empleo Empleo en Amka Forma parte de nuestra historia de creaci\u00f3n y distribuci\u00f3n de abundancia. Con m\u00e1s de&#8230; <br \/><a href=\"https:\/\/amka.com\/es\/empleo\/\" class=\"mil-link mil-upper mil-up mil-mt-30\"><span>Read<\/span><span class=\"mil-arrow\"><img decoding=\"async\" src=\"https:\/\/amka.com\/wp-content\/themes\/ruizarch\/assets\/img\/icons\/1.svg\" alt=\"arrow\" loading=\"lazy\"><\/span><\/a><\/p>\n","protected":false},"author":1,"featured_media":0,"parent":0,"menu_order":0,"comment_status":"closed","ping_status":"closed","template":"elementor_header_footer","meta":{"_acf_changed":false,"footnotes":""},"class_list":["post-8803","page","type-page","status-publish","hentry"],"acf":[],"_links":{"self":[{"href":"https:\/\/amka.com\/es\/wp-json\/wp\/v2\/pages\/8803","targetHints":{"allow":["GET"]}}],"collection":[{"href":"https:\/\/amka.com\/es\/wp-json\/wp\/v2\/pages"}],"about":[{"href":"https:\/\/amka.com\/es\/wp-json\/wp\/v2\/types\/page"}],"author":[{"embeddable":true,"href":"https:\/\/amka.com\/es\/wp-json\/wp\/v2\/users\/1"}],"replies":[{"embeddable":true,"href":"https:\/\/amka.com\/es\/wp-json\/wp\/v2\/comments?post=8803"}],"version-history":[{"count":4,"href":"https:\/\/amka.com\/es\/wp-json\/wp\/v2\/pages\/8803\/revisions"}],"predecessor-version":[{"id":10085,"href":"https:\/\/amka.com\/es\/wp-json\/wp\/v2\/pages\/8803\/revisions\/10085"}],"wp:attachment":[{"href":"https:\/\/amka.com\/es\/wp-json\/wp\/v2\/media?parent=8803"}],"curies":[{"name":"wp","href":"https:\/\/api.w.org\/{rel}","templated":true}]}}