{"id":7048,"date":"2025-09-22T13:03:15","date_gmt":"2025-09-22T13:03:15","guid":{"rendered":"https:\/\/amka.com\/soins-pour-bebe\/"},"modified":"2026-02-08T23:48:15","modified_gmt":"2026-02-08T23:48:15","slug":"soins-pour-bebe","status":"publish","type":"page","link":"https:\/\/amka.com\/fr\/soins-pour-bebe\/","title":{"rendered":"Soins pour b\u00e9b\u00e9"},"content":{"rendered":"\t\t<div data-elementor-type=\"wp-page\" data-elementor-id=\"7048\" class=\"elementor elementor-7048 elementor-5841\" data-elementor-post-type=\"page\">\n\t\t\t\t<div class=\"elementor-element elementor-element-278b52f1 e-con-full e-flex e-con e-parent\" data-id=\"278b52f1\" data-element_type=\"container\" data-e-type=\"container\">\n\t\t\t\t<div class=\"elementor-element elementor-element-9a3eea0 elementor-widget elementor-widget-ruizarch-intro\" data-id=\"9a3eea0\" data-element_type=\"widget\" data-e-type=\"widget\" data-widget_type=\"ruizarch-intro.default\">\n\t\t\t\t<div class=\"elementor-widget-container\">\n\t\t\t\t\t\n\t\t<!-- banner -->\n\t\t<section class=\"mil-banner mil-banner-sm\">\n\t\t\t\t\t\t<img decoding=\"async\" src=\"https:\/\/amka.com\/wp-content\/uploads\/2025\/09\/portrait-mother-playing-with-son-bed-home-scaled.jpg\" class=\"mil-bg-img mil-scale\" data-value-1=\".4\" data-value-2=\"1.4\" alt=\"image\" style=\"object-position: center\" loading=\"lazy\" \/>\n\t\t\t\t\t\t<div class=\"mil-overlay\" style=\"opacity: 0.25;\"><\/div>\n\n\t\t\t<div class=\"container\">\n\t\t\t\t<div class=\"mil-background-grid mil-top-space\"><\/div>\n\t\t\t\t<div class=\"mil-banner-content mil-center\">\n\t\t\t\t\t<div class=\"mil-mb-90\">\n\t\t\t\t\t\t\t\t\t\t\t\t\t\t\t\t\t\t<h1 class=\"mil-el-title mil-light mil-upper mil-mb-30\">\n\t\t\t\t\t\t\t<span >\n\t\t\t\t\t\t\t\tBaby care<br \/>Brands\t\t\t\t\t\t\t<\/span>\n\t\t\t\t\t\t<\/h1>\n\t\t\t\t\t\t\t\t\t\t\t\t\t\t\t\t\t<\/div>\n\t\t\t\t<\/div>\n\t\t\t<\/div>\n\t\t<\/section>\n\t\t<!-- banner end -->\n\n\t\t\t\t\t\t<\/div>\n\t\t\t\t<\/div>\n\t\t\t\t<\/div>\n\t\t<div class=\"elementor-element elementor-element-36fa61eb e-flex e-con-boxed e-con e-parent\" data-id=\"36fa61eb\" data-element_type=\"container\" data-e-type=\"container\">\n\t\t\t\t\t<div class=\"e-con-inner\">\n\t\t<div class=\"elementor-element elementor-element-35157bad e-con-full e-flex e-con e-child\" data-id=\"35157bad\" data-element_type=\"container\" data-e-type=\"container\">\n\t\t\t\t<div class=\"elementor-element elementor-element-2b1f3b14 elementor-widget elementor-widget-heading\" data-id=\"2b1f3b14\" data-element_type=\"widget\" data-e-type=\"widget\" data-widget_type=\"heading.default\">\n\t\t\t\t<div class=\"elementor-widget-container\">\n\t\t\t\t\t<span class=\"elementor-heading-title elementor-size-default\">Aper\u00e7u<\/span>\t\t\t\t<\/div>\n\t\t\t\t<\/div>\n\t\t\t\t<div class=\"elementor-element elementor-element-2706939e elementor-widget__width-initial elementor-widget elementor-widget-ruizarch-divider\" data-id=\"2706939e\" data-element_type=\"widget\" data-e-type=\"widget\" data-widget_type=\"ruizarch-divider.default\">\n\t\t\t\t<div class=\"elementor-widget-container\">\n\t\t\t\t\t\n\t\t<div class=\"mil-divider-lg mil-up\"><\/div>\n\n\t\t\t\t\t\t<\/div>\n\t\t\t\t<\/div>\n\t\t\t\t<div class=\"elementor-element elementor-element-16940e1b elementor-widget elementor-widget-heading\" data-id=\"16940e1b\" data-element_type=\"widget\" data-e-type=\"widget\" data-widget_type=\"heading.default\">\n\t\t\t\t<div class=\"elementor-widget-container\">\n\t\t\t\t\t<h2 class=\"elementor-heading-title elementor-size-default\">Des soins doux pour les commencements les plus pr\u00e9cieux de la vie<\/h2>\t\t\t\t<\/div>\n\t\t\t\t<\/div>\n\t\t\t\t<div class=\"elementor-element elementor-element-46cbd847 elementor-widget elementor-widget-text-editor\" data-id=\"46cbd847\" data-element_type=\"widget\" data-e-type=\"widget\" data-widget_type=\"text-editor.default\">\n\t\t\t\t<div class=\"elementor-widget-container\">\n\t\t\t\t\t\t\t\t\t<p>La peau d\u00e9licate de votre b\u00e9b\u00e9 m\u00e9rite la plus grande douceur \u2014 tout comme vous. Notre gamme Soins pour b\u00e9b\u00e9 propose des produits de confiance et nourrissants con\u00e7us pour prendre soin de votre petit d\u00e8s son tout premier bain, tout en soutenant les mamans avec des produits pens\u00e9s pour le confort et le bien-\u00eatre.<\/p>\t\t\t\t\t\t\t\t<\/div>\n\t\t\t\t<\/div>\n\t\t\t\t<\/div>\n\t\t\t\t\t<\/div>\n\t\t\t\t<\/div>\n\t\t<div class=\"elementor-element elementor-element-5c86397 e-flex e-con-boxed e-con e-parent\" data-id=\"5c86397\" data-element_type=\"container\" data-e-type=\"container\">\n\t\t\t\t\t<div class=\"e-con-inner\">\n\t\t\t\t<div class=\"elementor-element elementor-element-e7d263b elementor-widget elementor-widget-shortcode\" data-id=\"e7d263b\" data-element_type=\"widget\" data-e-type=\"widget\" data-widget_type=\"shortcode.default\">\n\t\t\t\t<div class=\"elementor-widget-container\">\n\t\t\t\t\t\t\t<div class=\"elementor-shortcode\">\t<div class=\"amka-brand-browser no-filters\">\n\t\t\n\t\t<section id=\"amka-brand-grid\"\n\t\t         class=\"amka-brand-grid-wrapper cols-4\"\n\t\t         style=\"--cols:4;\"\n\t\t         aria-live=\"polite\">\n\t\t\t<div class=\"amka-brand-grid\">\t\t\t<a href=\"https:\/\/amka.com\/fr\/amka-brands\/elizabeth-annes\/\"\n\t\t\t   class=\"amka-brand-card\"\n\t\t\t   style=\"--brand-color: #d898b1; --cut: 54px;\">\n\t\t\t\t<div class=\"amka-card-shape\">\n\t\t\t\t\t\t\t\t\t\t\t<img decoding=\"async\" src=\"https:\/\/amka.com\/wp-content\/uploads\/2025\/10\/elizabeth-block.png\" alt=\"Elizabeth Anne\u2019s\" class=\"brand-logo\" loading=\"lazy\" \/>\n\t\t\t\t\t\n\t\t\t\t\t<span class=\"edge base e1\"><\/span>\n\t\t\t\t\t<span class=\"edge base e2\"><\/span>\n\t\t\t\t\t<span class=\"edge base e3\"><\/span>\n\t\t\t\t\t<span class=\"edge base e4\"><\/span>\n\t\t\t\t\t<span class=\"edge base e5\"><\/span>\n\n\t\t\t\t\t<span class=\"edge anim e1\"><\/span>\n\t\t\t\t\t<span class=\"edge anim e2\"><\/span>\n\t\t\t\t\t<span class=\"edge anim e3\"><\/span>\n\t\t\t\t\t<span class=\"edge anim e4\"><\/span>\n\t\t\t\t\t<span class=\"edge anim e5\"><\/span>\n\t\t\t\t<\/div>\n\t\t\t<\/a>\n\t\t\t\t\t\t<a href=\"https:\/\/amka.com\/fr\/amka-brands\/milton\/\"\n\t\t\t   class=\"amka-brand-card\"\n\t\t\t   style=\"--brand-color: #0880c4; --cut: 54px;\">\n\t\t\t\t<div class=\"amka-card-shape\">\n\t\t\t\t\t\t\t\t\t\t\t<img decoding=\"async\" src=\"https:\/\/amka.com\/wp-content\/uploads\/2025\/10\/Milton-Logo-500x500px-copy.png\" alt=\"Milton\" class=\"brand-logo\" loading=\"lazy\" \/>\n\t\t\t\t\t\n\t\t\t\t\t<span class=\"edge base e1\"><\/span>\n\t\t\t\t\t<span class=\"edge base e2\"><\/span>\n\t\t\t\t\t<span class=\"edge base e3\"><\/span>\n\t\t\t\t\t<span class=\"edge base e4\"><\/span>\n\t\t\t\t\t<span class=\"edge base e5\"><\/span>\n\n\t\t\t\t\t<span class=\"edge anim e1\"><\/span>\n\t\t\t\t\t<span class=\"edge anim e2\"><\/span>\n\t\t\t\t\t<span class=\"edge anim e3\"><\/span>\n\t\t\t\t\t<span class=\"edge anim e4\"><\/span>\n\t\t\t\t\t<span class=\"edge anim e5\"><\/span>\n\t\t\t\t<\/div>\n\t\t\t<\/a>\n\t\t\t<\/div>\t\t<\/section>\n\t<\/div>\n\n\t\n\t<script>window.AMKA_BRANDS={ajax_url:\"https:\/\/amka.com\/wp-admin\/admin-ajax.php\",nonce:\"bad93895a9\"};<\/script><\/div>\n\t\t\t\t\t\t<\/div>\n\t\t\t\t<\/div>\n\t\t\t\t\t<\/div>\n\t\t\t\t<\/div>\n\t\t\t\t<\/div>\n\t\t","protected":false},"excerpt":{"rendered":"<p>Baby careBrands Aper\u00e7u Des soins doux pour les commencements les plus pr\u00e9cieux de la vie La peau d\u00e9licate&#8230; <br \/><a href=\"https:\/\/amka.com\/fr\/amka-brands\/milton\/\" class=\"mil-link mil-upper mil-up mil-mt-30\"><span>Read<\/span><span class=\"mil-arrow\"><img decoding=\"async\" src=\"https:\/\/amka.com\/wp-content\/themes\/ruizarch\/assets\/img\/icons\/1.svg\" alt=\"arrow\" loading=\"lazy\"><\/span><\/a><\/p>\n","protected":false},"author":1,"featured_media":0,"parent":0,"menu_order":0,"comment_status":"closed","ping_status":"closed","template":"elementor_header_footer","meta":{"_acf_changed":false,"footnotes":""},"class_list":["post-7048","page","type-page","status-publish","hentry"],"acf":[],"_links":{"self":[{"href":"https:\/\/amka.com\/fr\/wp-json\/wp\/v2\/pages\/7048","targetHints":{"allow":["GET"]}}],"collection":[{"href":"https:\/\/amka.com\/fr\/wp-json\/wp\/v2\/pages"}],"about":[{"href":"https:\/\/amka.com\/fr\/wp-json\/wp\/v2\/types\/page"}],"author":[{"embeddable":true,"href":"https:\/\/amka.com\/fr\/wp-json\/wp\/v2\/users\/1"}],"replies":[{"embeddable":true,"href":"https:\/\/amka.com\/fr\/wp-json\/wp\/v2\/comments?post=7048"}],"version-history":[{"count":1,"href":"https:\/\/amka.com\/fr\/wp-json\/wp\/v2\/pages\/7048\/revisions"}],"predecessor-version":[{"id":7050,"href":"https:\/\/amka.com\/fr\/wp-json\/wp\/v2\/pages\/7048\/revisions\/7050"}],"wp:attachment":[{"href":"https:\/\/amka.com\/fr\/wp-json\/wp\/v2\/media?parent=7048"}],"curies":[{"name":"wp","href":"https:\/\/api.w.org\/{rel}","templated":true}]}}