{"id":7336,"date":"2025-03-06T22:45:31","date_gmt":"2025-03-06T22:45:31","guid":{"rendered":"https:\/\/amka.com\/soins-de-la-peau\/"},"modified":"2026-02-08T23:49:51","modified_gmt":"2026-02-08T23:49:51","slug":"soins-de-la-peau","status":"publish","type":"page","link":"https:\/\/amka.com\/fr\/soins-de-la-peau\/","title":{"rendered":"Soins de la peau"},"content":{"rendered":"\t\t<div data-elementor-type=\"wp-page\" data-elementor-id=\"7336\" class=\"elementor elementor-7336 elementor-3462\" data-elementor-post-type=\"page\">\n\t\t\t\t<div class=\"elementor-element elementor-element-9348310 e-con-full e-flex e-con e-parent\" data-id=\"9348310\" data-element_type=\"container\" data-e-type=\"container\">\n\t\t\t\t<div class=\"elementor-element elementor-element-dac53fb elementor-widget elementor-widget-ruizarch-intro\" data-id=\"dac53fb\" data-element_type=\"widget\" data-e-type=\"widget\" data-widget_type=\"ruizarch-intro.default\">\n\t\t\t\t<div class=\"elementor-widget-container\">\n\t\t\t\t\t\n\t\t<!-- banner -->\n\t\t<section class=\"mil-banner mil-banner-sm\">\n\t\t\t\t\t\t<img decoding=\"async\" src=\"https:\/\/amka.com\/wp-content\/uploads\/2025\/07\/beautiful-woman-with-bare-legs-on-bed-at-home-2024-09-28-00-09-23-utc-scaled.jpg\" class=\"mil-bg-img mil-scale\" data-value-1=\".4\" data-value-2=\"1.4\" alt=\"image\" style=\"object-position: center\" loading=\"lazy\" \/>\n\t\t\t\t\t\t<div class=\"mil-overlay\" style=\"opacity: 0.25;\"><\/div>\n\n\t\t\t<div class=\"container\">\n\t\t\t\t<div class=\"mil-background-grid mil-top-space\"><\/div>\n\t\t\t\t<div class=\"mil-banner-content mil-center\">\n\t\t\t\t\t<div class=\"mil-mb-90\">\n\t\t\t\t\t\t\t\t\t\t\t\t\t\t\t\t\t\t<h1 class=\"mil-el-title mil-light mil-upper mil-mb-30\">\n\t\t\t\t\t\t\t<span >\n\t\t\t\t\t\t\t\tSkincare <br \/>Brands\t\t\t\t\t\t\t<\/span>\n\t\t\t\t\t\t<\/h1>\n\t\t\t\t\t\t\t\t\t\t\t\t\t\t\t\t\t<\/div>\n\t\t\t\t<\/div>\n\t\t\t<\/div>\n\t\t<\/section>\n\t\t<!-- banner end -->\n\n\t\t\t\t\t\t<\/div>\n\t\t\t\t<\/div>\n\t\t\t\t<\/div>\n\t\t<div class=\"elementor-element elementor-element-8bb528e e-flex e-con-boxed e-con e-parent\" data-id=\"8bb528e\" data-element_type=\"container\" data-e-type=\"container\">\n\t\t\t\t\t<div class=\"e-con-inner\">\n\t\t<div class=\"elementor-element elementor-element-fea8cb8 e-con-full e-flex e-con e-child\" data-id=\"fea8cb8\" data-element_type=\"container\" data-e-type=\"container\">\n\t\t\t\t<div class=\"elementor-element elementor-element-ae0f541 elementor-widget elementor-widget-heading\" data-id=\"ae0f541\" data-element_type=\"widget\" data-e-type=\"widget\" data-widget_type=\"heading.default\">\n\t\t\t\t<div class=\"elementor-widget-container\">\n\t\t\t\t\t<span class=\"elementor-heading-title elementor-size-default\">Aper\u00e7u<\/span>\t\t\t\t<\/div>\n\t\t\t\t<\/div>\n\t\t\t\t<div class=\"elementor-element elementor-element-a87fdff elementor-widget__width-initial elementor-widget elementor-widget-ruizarch-divider\" data-id=\"a87fdff\" data-element_type=\"widget\" data-e-type=\"widget\" data-widget_type=\"ruizarch-divider.default\">\n\t\t\t\t<div class=\"elementor-widget-container\">\n\t\t\t\t\t\n\t\t<div class=\"mil-divider-lg mil-up\"><\/div>\n\n\t\t\t\t\t\t<\/div>\n\t\t\t\t<\/div>\n\t\t\t\t<div class=\"elementor-element elementor-element-8c4198e elementor-widget elementor-widget-heading\" data-id=\"8c4198e\" data-element_type=\"widget\" data-e-type=\"widget\" data-widget_type=\"heading.default\">\n\t\t\t\t<div class=\"elementor-widget-container\">\n\t\t\t\t\t<h2 class=\"elementor-heading-title elementor-size-default\">Aime la peau dans laquelle tu es<\/h2>\t\t\t\t<\/div>\n\t\t\t\t<\/div>\n\t\t\t\t<div class=\"elementor-element elementor-element-b5b1e56 elementor-widget elementor-widget-text-editor\" data-id=\"b5b1e56\" data-element_type=\"widget\" data-e-type=\"widget\" data-widget_type=\"text-editor.default\">\n\t\t\t\t<div class=\"elementor-widget-container\">\n\t\t\t\t\t\t\t\t\t<p>Nos marques de soins de la peau prennent soin de tout le monde avec des soins premium et des plaisirs luxueux pour le bain destin\u00e9s aux femmes, des soins corporels sans chichis pour les hommes, des lotions et cr\u00e8mes adapt\u00e9es \u00e0 toute la famille, et des solutions de soins intelligentes con\u00e7ues pour les adolescents.<\/p>\t\t\t\t\t\t\t\t<\/div>\n\t\t\t\t<\/div>\n\t\t\t\t<\/div>\n\t\t\t\t\t<\/div>\n\t\t\t\t<\/div>\n\t\t<div class=\"elementor-element elementor-element-827e760 e-flex e-con-boxed e-con e-parent\" data-id=\"827e760\" data-element_type=\"container\" data-e-type=\"container\">\n\t\t\t\t\t<div class=\"e-con-inner\">\n\t\t<div class=\"elementor-element elementor-element-f0b8d86 e-con-full e-flex e-con e-child\" data-id=\"f0b8d86\" data-element_type=\"container\" data-e-type=\"container\">\n\t\t\t\t<div class=\"elementor-element elementor-element-ff03077 elementor-widget__width-inherit elementor-widget elementor-widget-shortcode\" data-id=\"ff03077\" data-element_type=\"widget\" data-e-type=\"widget\" data-widget_type=\"shortcode.default\">\n\t\t\t\t<div class=\"elementor-widget-container\">\n\t\t\t\t\t\t\t<div class=\"elementor-shortcode\">\t<div class=\"amka-brand-browser no-filters\">\n\t\t\n\t\t<section id=\"amka-brand-grid\"\n\t\t         class=\"amka-brand-grid-wrapper cols-4\"\n\t\t         style=\"--cols:4;\"\n\t\t         aria-live=\"polite\">\n\t\t\t<div class=\"amka-brand-grid\">\t\t\t<a href=\"https:\/\/amka.com\/fr\/amka-brands\/bodidoc\/\"\n\t\t\t   class=\"amka-brand-card\"\n\t\t\t   style=\"--brand-color: #326295; --cut: 54px;\">\n\t\t\t\t<div class=\"amka-card-shape\">\n\t\t\t\t\t\t\t\t\t\t\t<img decoding=\"async\" src=\"https:\/\/amka.com\/wp-content\/uploads\/2025\/10\/bodidoc-resize.png\" alt=\"Bodidoc\" class=\"brand-logo\" loading=\"lazy\" \/>\n\t\t\t\t\t\n\t\t\t\t\t<span class=\"edge base e1\"><\/span>\n\t\t\t\t\t<span class=\"edge base e2\"><\/span>\n\t\t\t\t\t<span class=\"edge base e3\"><\/span>\n\t\t\t\t\t<span class=\"edge base e4\"><\/span>\n\t\t\t\t\t<span class=\"edge base e5\"><\/span>\n\n\t\t\t\t\t<span class=\"edge anim e1\"><\/span>\n\t\t\t\t\t<span class=\"edge anim e2\"><\/span>\n\t\t\t\t\t<span class=\"edge anim e3\"><\/span>\n\t\t\t\t\t<span class=\"edge anim e4\"><\/span>\n\t\t\t\t\t<span class=\"edge anim e5\"><\/span>\n\t\t\t\t<\/div>\n\t\t\t<\/a>\n\t\t\t\t\t\t<a href=\"https:\/\/amka.com\/fr\/amka-brands\/body-alchemy\/\"\n\t\t\t   class=\"amka-brand-card\"\n\t\t\t   style=\"--brand-color: #50738c; --cut: 54px;\">\n\t\t\t\t<div class=\"amka-card-shape\">\n\t\t\t\t\t\t\t\t\t\t\t<img decoding=\"async\" src=\"https:\/\/amka.com\/wp-content\/uploads\/2025\/10\/AMKA-Website-Body-Alchemy-Logo-500x500px-Black-copy.png\" alt=\"Body Alchemy Science\" class=\"brand-logo\" loading=\"lazy\" \/>\n\t\t\t\t\t\n\t\t\t\t\t<span class=\"edge base e1\"><\/span>\n\t\t\t\t\t<span class=\"edge base e2\"><\/span>\n\t\t\t\t\t<span class=\"edge base e3\"><\/span>\n\t\t\t\t\t<span class=\"edge base e4\"><\/span>\n\t\t\t\t\t<span class=\"edge base e5\"><\/span>\n\n\t\t\t\t\t<span class=\"edge anim e1\"><\/span>\n\t\t\t\t\t<span class=\"edge anim e2\"><\/span>\n\t\t\t\t\t<span class=\"edge anim e3\"><\/span>\n\t\t\t\t\t<span class=\"edge anim e4\"><\/span>\n\t\t\t\t\t<span class=\"edge anim e5\"><\/span>\n\t\t\t\t<\/div>\n\t\t\t<\/a>\n\t\t\t\t\t\t<a href=\"https:\/\/amka.com\/fr\/amka-brands\/bodylab\/\"\n\t\t\t   class=\"amka-brand-card\"\n\t\t\t   style=\"--brand-color: #50738c; --cut: 54px;\">\n\t\t\t\t<div class=\"amka-card-shape\">\n\t\t\t\t\t\t\t\t\t\t\t<img decoding=\"async\" src=\"https:\/\/amka.com\/wp-content\/uploads\/2025\/10\/bodylab-resized.png\" alt=\"BodyLab\" class=\"brand-logo\" loading=\"lazy\" \/>\n\t\t\t\t\t\n\t\t\t\t\t<span class=\"edge base e1\"><\/span>\n\t\t\t\t\t<span class=\"edge base e2\"><\/span>\n\t\t\t\t\t<span class=\"edge base e3\"><\/span>\n\t\t\t\t\t<span class=\"edge base e4\"><\/span>\n\t\t\t\t\t<span class=\"edge base e5\"><\/span>\n\n\t\t\t\t\t<span class=\"edge anim e1\"><\/span>\n\t\t\t\t\t<span class=\"edge anim e2\"><\/span>\n\t\t\t\t\t<span class=\"edge anim e3\"><\/span>\n\t\t\t\t\t<span class=\"edge anim e4\"><\/span>\n\t\t\t\t\t<span class=\"edge anim e5\"><\/span>\n\t\t\t\t<\/div>\n\t\t\t<\/a>\n\t\t\t\t\t\t<a href=\"https:\/\/amka.com\/fr\/amka-brands\/bump-patrol\/\"\n\t\t\t   class=\"amka-brand-card\"\n\t\t\t   style=\"--brand-color: #ed1d26; --cut: 54px;\">\n\t\t\t\t<div class=\"amka-card-shape\">\n\t\t\t\t\t\t\t\t\t\t\t<img decoding=\"async\" src=\"https:\/\/amka.com\/wp-content\/uploads\/2026\/01\/AMKA-WBump-Patrol-Logo-500x500px-Black-copy.png\" alt=\"Bump Patrol\" class=\"brand-logo\" loading=\"lazy\" \/>\n\t\t\t\t\t\n\t\t\t\t\t<span class=\"edge base e1\"><\/span>\n\t\t\t\t\t<span class=\"edge base e2\"><\/span>\n\t\t\t\t\t<span class=\"edge base e3\"><\/span>\n\t\t\t\t\t<span class=\"edge base e4\"><\/span>\n\t\t\t\t\t<span class=\"edge base e5\"><\/span>\n\n\t\t\t\t\t<span class=\"edge anim e1\"><\/span>\n\t\t\t\t\t<span class=\"edge anim e2\"><\/span>\n\t\t\t\t\t<span class=\"edge anim e3\"><\/span>\n\t\t\t\t\t<span class=\"edge anim e4\"><\/span>\n\t\t\t\t\t<span class=\"edge anim e5\"><\/span>\n\t\t\t\t<\/div>\n\t\t\t<\/a>\n\t\t\t\t\t\t<a href=\"https:\/\/amka.com\/fr\/amka-brands\/clere\/\"\n\t\t\t   class=\"amka-brand-card\"\n\t\t\t   style=\"--brand-color: #84C2EA; --cut: 54px;\">\n\t\t\t\t<div class=\"amka-card-shape\">\n\t\t\t\t\t\t\t\t\t\t\t<img decoding=\"async\" src=\"https:\/\/amka.com\/wp-content\/uploads\/2025\/10\/clere-core-resized.png\" alt=\"Clere Core\" class=\"brand-logo\" loading=\"lazy\" \/>\n\t\t\t\t\t\n\t\t\t\t\t<span class=\"edge base e1\"><\/span>\n\t\t\t\t\t<span class=\"edge base e2\"><\/span>\n\t\t\t\t\t<span class=\"edge base e3\"><\/span>\n\t\t\t\t\t<span class=\"edge base e4\"><\/span>\n\t\t\t\t\t<span class=\"edge base e5\"><\/span>\n\n\t\t\t\t\t<span class=\"edge anim e1\"><\/span>\n\t\t\t\t\t<span class=\"edge anim e2\"><\/span>\n\t\t\t\t\t<span class=\"edge anim e3\"><\/span>\n\t\t\t\t\t<span class=\"edge anim e4\"><\/span>\n\t\t\t\t\t<span class=\"edge anim e5\"><\/span>\n\t\t\t\t<\/div>\n\t\t\t<\/a>\n\t\t\t\t\t\t<a href=\"https:\/\/amka.com\/fr\/amka-brands\/clere-europe\/\"\n\t\t\t   class=\"amka-brand-card\"\n\t\t\t   style=\"--brand-color: #000; --cut: 54px;\">\n\t\t\t\t<div class=\"amka-card-shape\">\n\t\t\t\t\t\t\t\t\t\t\t<img decoding=\"async\" src=\"https:\/\/amka.com\/wp-content\/uploads\/2025\/06\/clere-euro-block.png\" alt=\"Clere Europe\" class=\"brand-logo\" loading=\"lazy\" \/>\n\t\t\t\t\t\n\t\t\t\t\t<span class=\"edge base e1\"><\/span>\n\t\t\t\t\t<span class=\"edge base e2\"><\/span>\n\t\t\t\t\t<span class=\"edge base e3\"><\/span>\n\t\t\t\t\t<span class=\"edge base e4\"><\/span>\n\t\t\t\t\t<span class=\"edge base e5\"><\/span>\n\n\t\t\t\t\t<span class=\"edge anim e1\"><\/span>\n\t\t\t\t\t<span class=\"edge anim e2\"><\/span>\n\t\t\t\t\t<span class=\"edge anim e3\"><\/span>\n\t\t\t\t\t<span class=\"edge anim e4\"><\/span>\n\t\t\t\t\t<span class=\"edge anim e5\"><\/span>\n\t\t\t\t<\/div>\n\t\t\t<\/a>\n\t\t\t\t\t\t<a href=\"https:\/\/amka.com\/fr\/amka-brands\/clere-for-men\/\"\n\t\t\t   class=\"amka-brand-card\"\n\t\t\t   style=\"--brand-color: #000000; --cut: 54px;\">\n\t\t\t\t<div class=\"amka-card-shape\">\n\t\t\t\t\t\t\t\t\t\t\t<img decoding=\"async\" src=\"https:\/\/amka.com\/wp-content\/uploads\/2025\/11\/AMKA-Website-Clere-for-Men-Logo-500x500px-Black-copy.png\" alt=\"Clere For Men\" class=\"brand-logo\" loading=\"lazy\" \/>\n\t\t\t\t\t\n\t\t\t\t\t<span class=\"edge base e1\"><\/span>\n\t\t\t\t\t<span class=\"edge base e2\"><\/span>\n\t\t\t\t\t<span class=\"edge base e3\"><\/span>\n\t\t\t\t\t<span class=\"edge base e4\"><\/span>\n\t\t\t\t\t<span class=\"edge base e5\"><\/span>\n\n\t\t\t\t\t<span class=\"edge anim e1\"><\/span>\n\t\t\t\t\t<span class=\"edge anim e2\"><\/span>\n\t\t\t\t\t<span class=\"edge anim e3\"><\/span>\n\t\t\t\t\t<span class=\"edge anim e4\"><\/span>\n\t\t\t\t\t<span class=\"edge anim e5\"><\/span>\n\t\t\t\t<\/div>\n\t\t\t<\/a>\n\t\t\t\t\t\t<a href=\"https:\/\/amka.com\/fr\/amka-brands\/ead\/\"\n\t\t\t   class=\"amka-brand-card\"\n\t\t\t   style=\"--brand-color: #f58220; --cut: 54px;\">\n\t\t\t\t<div class=\"amka-card-shape\">\n\t\t\t\t\t\t\t\t\t\t\t<img decoding=\"async\" src=\"https:\/\/amka.com\/wp-content\/uploads\/2025\/10\/ead-resize.png\" alt=\"EAD\" class=\"brand-logo\" loading=\"lazy\" \/>\n\t\t\t\t\t\n\t\t\t\t\t<span class=\"edge base e1\"><\/span>\n\t\t\t\t\t<span class=\"edge base e2\"><\/span>\n\t\t\t\t\t<span class=\"edge base e3\"><\/span>\n\t\t\t\t\t<span class=\"edge base e4\"><\/span>\n\t\t\t\t\t<span class=\"edge base e5\"><\/span>\n\n\t\t\t\t\t<span class=\"edge anim e1\"><\/span>\n\t\t\t\t\t<span class=\"edge anim e2\"><\/span>\n\t\t\t\t\t<span class=\"edge anim e3\"><\/span>\n\t\t\t\t\t<span class=\"edge anim e4\"><\/span>\n\t\t\t\t\t<span class=\"edge anim e5\"><\/span>\n\t\t\t\t<\/div>\n\t\t\t<\/a>\n\t\t\t\t\t\t<a href=\"https:\/\/amka.com\/fr\/amka-brands\/innoxa-vegan\/\"\n\t\t\t   class=\"amka-brand-card\"\n\t\t\t   style=\"--brand-color: #413f4b; --cut: 54px;\">\n\t\t\t\t<div class=\"amka-card-shape\">\n\t\t\t\t\t\t\t\t\t\t\t<img decoding=\"async\" src=\"https:\/\/amka.com\/wp-content\/uploads\/2025\/10\/AMKA-Website-INNOXA-Vegan-Logo-500x500px-Black-copy-1.png\" alt=\"Innoxa Vegan\" class=\"brand-logo\" loading=\"lazy\" \/>\n\t\t\t\t\t\n\t\t\t\t\t<span class=\"edge base e1\"><\/span>\n\t\t\t\t\t<span class=\"edge base e2\"><\/span>\n\t\t\t\t\t<span class=\"edge base e3\"><\/span>\n\t\t\t\t\t<span class=\"edge base e4\"><\/span>\n\t\t\t\t\t<span class=\"edge base e5\"><\/span>\n\n\t\t\t\t\t<span class=\"edge anim e1\"><\/span>\n\t\t\t\t\t<span class=\"edge anim e2\"><\/span>\n\t\t\t\t\t<span class=\"edge anim e3\"><\/span>\n\t\t\t\t\t<span class=\"edge anim e4\"><\/span>\n\t\t\t\t\t<span class=\"edge anim e5\"><\/span>\n\t\t\t\t<\/div>\n\t\t\t<\/a>\n\t\t\t\t\t\t<a href=\"https:\/\/amka.com\/fr\/amka-brands\/lemon-lite\/\"\n\t\t\t   class=\"amka-brand-card\"\n\t\t\t   style=\"--brand-color: #fff578; --cut: 54px;\">\n\t\t\t\t<div class=\"amka-card-shape\">\n\t\t\t\t\t\t\t\t\t\t\t<img decoding=\"async\" src=\"https:\/\/amka.com\/wp-content\/uploads\/2025\/10\/lemon-lite-resize.png\" alt=\"Lemon Lite\" class=\"brand-logo\" loading=\"lazy\" \/>\n\t\t\t\t\t\n\t\t\t\t\t<span class=\"edge base e1\"><\/span>\n\t\t\t\t\t<span class=\"edge base e2\"><\/span>\n\t\t\t\t\t<span class=\"edge base e3\"><\/span>\n\t\t\t\t\t<span class=\"edge base e4\"><\/span>\n\t\t\t\t\t<span class=\"edge base e5\"><\/span>\n\n\t\t\t\t\t<span class=\"edge anim e1\"><\/span>\n\t\t\t\t\t<span class=\"edge anim e2\"><\/span>\n\t\t\t\t\t<span class=\"edge anim e3\"><\/span>\n\t\t\t\t\t<span class=\"edge anim e4\"><\/span>\n\t\t\t\t\t<span class=\"edge anim e5\"><\/span>\n\t\t\t\t<\/div>\n\t\t\t<\/a>\n\t\t\t\t\t\t<a href=\"https:\/\/amka.com\/fr\/amka-brands\/lemonvate\/\"\n\t\t\t   class=\"amka-brand-card\"\n\t\t\t   style=\"--brand-color: #057c27; --cut: 54px;\">\n\t\t\t\t<div class=\"amka-card-shape\">\n\t\t\t\t\t\t\t\t\t\t\t<img decoding=\"async\" src=\"https:\/\/amka.com\/wp-content\/uploads\/2025\/11\/lemonvate-resize.png\" alt=\"Lemonvate\" class=\"brand-logo\" loading=\"lazy\" \/>\n\t\t\t\t\t\n\t\t\t\t\t<span class=\"edge base e1\"><\/span>\n\t\t\t\t\t<span class=\"edge base e2\"><\/span>\n\t\t\t\t\t<span class=\"edge base e3\"><\/span>\n\t\t\t\t\t<span class=\"edge base e4\"><\/span>\n\t\t\t\t\t<span class=\"edge base e5\"><\/span>\n\n\t\t\t\t\t<span class=\"edge anim e1\"><\/span>\n\t\t\t\t\t<span class=\"edge anim e2\"><\/span>\n\t\t\t\t\t<span class=\"edge anim e3\"><\/span>\n\t\t\t\t\t<span class=\"edge anim e4\"><\/span>\n\t\t\t\t\t<span class=\"edge anim e5\"><\/span>\n\t\t\t\t<\/div>\n\t\t\t<\/a>\n\t\t\t\t\t\t<a href=\"https:\/\/amka.com\/fr\/amka-brands\/lip-ice\/\"\n\t\t\t   class=\"amka-brand-card\"\n\t\t\t   style=\"--brand-color: #1a2769; --cut: 54px;\">\n\t\t\t\t<div class=\"amka-card-shape\">\n\t\t\t\t\t\t\t\t\t\t\t<img decoding=\"async\" src=\"https:\/\/amka.com\/wp-content\/uploads\/2025\/11\/Lip-Ice-Logo-500x500px-copy.png\" alt=\"Lip Ice\" class=\"brand-logo\" loading=\"lazy\" \/>\n\t\t\t\t\t\n\t\t\t\t\t<span class=\"edge base e1\"><\/span>\n\t\t\t\t\t<span class=\"edge base e2\"><\/span>\n\t\t\t\t\t<span class=\"edge base e3\"><\/span>\n\t\t\t\t\t<span class=\"edge base e4\"><\/span>\n\t\t\t\t\t<span class=\"edge base e5\"><\/span>\n\n\t\t\t\t\t<span class=\"edge anim e1\"><\/span>\n\t\t\t\t\t<span class=\"edge anim e2\"><\/span>\n\t\t\t\t\t<span class=\"edge anim e3\"><\/span>\n\t\t\t\t\t<span class=\"edge anim e4\"><\/span>\n\t\t\t\t\t<span class=\"edge anim e5\"><\/span>\n\t\t\t\t<\/div>\n\t\t\t<\/a>\n\t\t\t\t\t\t<a href=\"https:\/\/amka.com\/fr\/amka-brands\/mousson\/\"\n\t\t\t   class=\"amka-brand-card\"\n\t\t\t   style=\"--brand-color: #882944; --cut: 54px;\">\n\t\t\t\t<div class=\"amka-card-shape\">\n\t\t\t\t\t\t\t\t\t\t\t<img decoding=\"async\" src=\"https:\/\/amka.com\/wp-content\/uploads\/2025\/10\/mousson-block.png\" alt=\"Mousson\" class=\"brand-logo\" loading=\"lazy\" \/>\n\t\t\t\t\t\n\t\t\t\t\t<span class=\"edge base e1\"><\/span>\n\t\t\t\t\t<span class=\"edge base e2\"><\/span>\n\t\t\t\t\t<span class=\"edge base e3\"><\/span>\n\t\t\t\t\t<span class=\"edge base e4\"><\/span>\n\t\t\t\t\t<span class=\"edge base e5\"><\/span>\n\n\t\t\t\t\t<span class=\"edge anim e1\"><\/span>\n\t\t\t\t\t<span class=\"edge anim e2\"><\/span>\n\t\t\t\t\t<span class=\"edge anim e3\"><\/span>\n\t\t\t\t\t<span class=\"edge anim e4\"><\/span>\n\t\t\t\t\t<span class=\"edge anim e5\"><\/span>\n\t\t\t\t<\/div>\n\t\t\t<\/a>\n\t\t\t\t\t\t<a href=\"https:\/\/amka.com\/fr\/amka-brands\/nimue-skin-technology\/\"\n\t\t\t   class=\"amka-brand-card\"\n\t\t\t   style=\"--brand-color: #95a8b1; --cut: 54px;\">\n\t\t\t\t<div class=\"amka-card-shape\">\n\t\t\t\t\t\t\t\t\t\t\t<img decoding=\"async\" src=\"https:\/\/amka.com\/wp-content\/uploads\/2025\/10\/nimue-block.png\" alt=\"Nimue Skin Technology\" class=\"brand-logo\" loading=\"lazy\" \/>\n\t\t\t\t\t\n\t\t\t\t\t<span class=\"edge base e1\"><\/span>\n\t\t\t\t\t<span class=\"edge base e2\"><\/span>\n\t\t\t\t\t<span class=\"edge base e3\"><\/span>\n\t\t\t\t\t<span class=\"edge base e4\"><\/span>\n\t\t\t\t\t<span class=\"edge base e5\"><\/span>\n\n\t\t\t\t\t<span class=\"edge anim e1\"><\/span>\n\t\t\t\t\t<span class=\"edge anim e2\"><\/span>\n\t\t\t\t\t<span class=\"edge anim e3\"><\/span>\n\t\t\t\t\t<span class=\"edge anim e4\"><\/span>\n\t\t\t\t\t<span class=\"edge anim e5\"><\/span>\n\t\t\t\t<\/div>\n\t\t\t<\/a>\n\t\t\t\t\t\t<a href=\"https:\/\/amka.com\/fr\/amka-brands\/placecol\/\"\n\t\t\t   class=\"amka-brand-card\"\n\t\t\t   style=\"--brand-color: #afbe1e; --cut: 54px;\">\n\t\t\t\t<div class=\"amka-card-shape\">\n\t\t\t\t\t\t\t\t\t\t\t<img decoding=\"async\" src=\"https:\/\/amka.com\/wp-content\/uploads\/2025\/10\/AMKA-Website-Placecol-Logo-500x500px-Black-copy.png\" alt=\"Placecol\" class=\"brand-logo\" loading=\"lazy\" \/>\n\t\t\t\t\t\n\t\t\t\t\t<span class=\"edge base e1\"><\/span>\n\t\t\t\t\t<span class=\"edge base e2\"><\/span>\n\t\t\t\t\t<span class=\"edge base e3\"><\/span>\n\t\t\t\t\t<span class=\"edge base e4\"><\/span>\n\t\t\t\t\t<span class=\"edge base e5\"><\/span>\n\n\t\t\t\t\t<span class=\"edge anim e1\"><\/span>\n\t\t\t\t\t<span class=\"edge anim e2\"><\/span>\n\t\t\t\t\t<span class=\"edge anim e3\"><\/span>\n\t\t\t\t\t<span class=\"edge anim e4\"><\/span>\n\t\t\t\t\t<span class=\"edge anim e5\"><\/span>\n\t\t\t\t<\/div>\n\t\t\t<\/a>\n\t\t\t\t\t\t<a href=\"https:\/\/amka.com\/fr\/amka-brands\/satiskin\/\"\n\t\t\t   class=\"amka-brand-card\"\n\t\t\t   style=\"--brand-color: #00acc5; --cut: 54px;\">\n\t\t\t\t<div class=\"amka-card-shape\">\n\t\t\t\t\t\t\t\t\t\t\t<img decoding=\"async\" src=\"https:\/\/amka.com\/wp-content\/uploads\/2025\/10\/satiskin-block.png\" alt=\"Satiskin\" class=\"brand-logo\" loading=\"lazy\" \/>\n\t\t\t\t\t\n\t\t\t\t\t<span class=\"edge base e1\"><\/span>\n\t\t\t\t\t<span class=\"edge base e2\"><\/span>\n\t\t\t\t\t<span class=\"edge base e3\"><\/span>\n\t\t\t\t\t<span class=\"edge base e4\"><\/span>\n\t\t\t\t\t<span class=\"edge base e5\"><\/span>\n\n\t\t\t\t\t<span class=\"edge anim e1\"><\/span>\n\t\t\t\t\t<span class=\"edge anim e2\"><\/span>\n\t\t\t\t\t<span class=\"edge anim e3\"><\/span>\n\t\t\t\t\t<span class=\"edge anim e4\"><\/span>\n\t\t\t\t\t<span class=\"edge anim e5\"><\/span>\n\t\t\t\t<\/div>\n\t\t\t<\/a>\n\t\t\t\t\t\t<a href=\"https:\/\/amka.com\/fr\/amka-brands\/young-solution\/\"\n\t\t\t   class=\"amka-brand-card\"\n\t\t\t   style=\"--brand-color: #d82929; --cut: 54px;\">\n\t\t\t\t<div class=\"amka-card-shape\">\n\t\t\t\t\t\t\t\t\t\t\t<img decoding=\"async\" src=\"https:\/\/amka.com\/wp-content\/uploads\/2025\/11\/AMKA-Website-Young-Solutions-Logo-500x500px-Black-copy.png\" alt=\"Young Solution\" class=\"brand-logo\" loading=\"lazy\" \/>\n\t\t\t\t\t\n\t\t\t\t\t<span class=\"edge base e1\"><\/span>\n\t\t\t\t\t<span class=\"edge base e2\"><\/span>\n\t\t\t\t\t<span class=\"edge base e3\"><\/span>\n\t\t\t\t\t<span class=\"edge base e4\"><\/span>\n\t\t\t\t\t<span class=\"edge base e5\"><\/span>\n\n\t\t\t\t\t<span class=\"edge anim e1\"><\/span>\n\t\t\t\t\t<span class=\"edge anim e2\"><\/span>\n\t\t\t\t\t<span class=\"edge anim e3\"><\/span>\n\t\t\t\t\t<span class=\"edge anim e4\"><\/span>\n\t\t\t\t\t<span class=\"edge anim e5\"><\/span>\n\t\t\t\t<\/div>\n\t\t\t<\/a>\n\t\t\t<\/div>\t\t<\/section>\n\t<\/div>\n\n\t\n\t<script>window.AMKA_BRANDS={ajax_url:\"https:\/\/amka.com\/wp-admin\/admin-ajax.php\",nonce:\"5b77cbe674\"};<\/script><\/div>\n\t\t\t\t\t\t<\/div>\n\t\t\t\t<\/div>\n\t\t\t\t<\/div>\n\t\t\t\t\t<\/div>\n\t\t\t\t<\/div>\n\t\t\t\t<\/div>\n\t\t","protected":false},"excerpt":{"rendered":"<p>Skincare Brands Aper\u00e7u Aime la peau dans laquelle tu es Nos marques de soins de la peau prennent&#8230; <br \/><a href=\"https:\/\/amka.com\/fr\/amka-brands\/young-solution\/\" class=\"mil-link mil-upper mil-up mil-mt-30\"><span>Read<\/span><span class=\"mil-arrow\"><img decoding=\"async\" src=\"https:\/\/amka.com\/wp-content\/themes\/ruizarch\/assets\/img\/icons\/1.svg\" alt=\"arrow\" loading=\"lazy\"><\/span><\/a><\/p>\n","protected":false},"author":1,"featured_media":0,"parent":0,"menu_order":0,"comment_status":"closed","ping_status":"closed","template":"elementor_header_footer","meta":{"_acf_changed":false,"footnotes":""},"class_list":["post-7336","page","type-page","status-publish","hentry"],"acf":[],"_links":{"self":[{"href":"https:\/\/amka.com\/fr\/wp-json\/wp\/v2\/pages\/7336","targetHints":{"allow":["GET"]}}],"collection":[{"href":"https:\/\/amka.com\/fr\/wp-json\/wp\/v2\/pages"}],"about":[{"href":"https:\/\/amka.com\/fr\/wp-json\/wp\/v2\/types\/page"}],"author":[{"embeddable":true,"href":"https:\/\/amka.com\/fr\/wp-json\/wp\/v2\/users\/1"}],"replies":[{"embeddable":true,"href":"https:\/\/amka.com\/fr\/wp-json\/wp\/v2\/comments?post=7336"}],"version-history":[{"count":1,"href":"https:\/\/amka.com\/fr\/wp-json\/wp\/v2\/pages\/7336\/revisions"}],"predecessor-version":[{"id":7340,"href":"https:\/\/amka.com\/fr\/wp-json\/wp\/v2\/pages\/7336\/revisions\/7340"}],"wp:attachment":[{"href":"https:\/\/amka.com\/fr\/wp-json\/wp\/v2\/media?parent=7336"}],"curies":[{"name":"wp","href":"https:\/\/api.w.org\/{rel}","templated":true}]}}