{"id":7386,"date":"2025-03-06T22:52:27","date_gmt":"2025-03-06T22:52:27","guid":{"rendered":"https:\/\/amka.com\/entretien-de-la-maison\/"},"modified":"2026-02-08T23:50:23","modified_gmt":"2026-02-08T23:50:23","slug":"entretien-de-la-maison","status":"publish","type":"page","link":"https:\/\/amka.com\/fr\/entretien-de-la-maison\/","title":{"rendered":"Entretien de la maison"},"content":{"rendered":"\t\t<div data-elementor-type=\"wp-page\" data-elementor-id=\"7386\" class=\"elementor elementor-7386 elementor-3472\" data-elementor-post-type=\"page\">\n\t\t\t\t<div class=\"elementor-element elementor-element-67e1a663 e-con-full e-flex e-con e-parent\" data-id=\"67e1a663\" data-element_type=\"container\" data-e-type=\"container\">\n\t\t\t\t<div class=\"elementor-element elementor-element-2ec9ae7 elementor-widget elementor-widget-ruizarch-intro\" data-id=\"2ec9ae7\" data-element_type=\"widget\" data-e-type=\"widget\" data-widget_type=\"ruizarch-intro.default\">\n\t\t\t\t<div class=\"elementor-widget-container\">\n\t\t\t\t\t\n\t\t<!-- banner -->\n\t\t<section class=\"mil-banner mil-banner-sm\">\n\t\t\t\t\t\t<img decoding=\"async\" src=\"https:\/\/amka.com\/wp-content\/uploads\/2026\/02\/you-can-call-me-germ-killer-shot-young-woman-cleaning-kitchen-counter-home-scaled.jpg\" class=\"mil-bg-img mil-scale\" data-value-1=\".4\" data-value-2=\"1.4\" alt=\"image\" style=\"object-position: center\" loading=\"lazy\" \/>\n\t\t\t\t\t\t<div class=\"mil-overlay\" style=\"opacity: 0.25;\"><\/div>\n\n\t\t\t<div class=\"container\">\n\t\t\t\t<div class=\"mil-background-grid mil-top-space\"><\/div>\n\t\t\t\t<div class=\"mil-banner-content mil-center\">\n\t\t\t\t\t<div class=\"mil-mb-90\">\n\t\t\t\t\t\t\t\t\t\t\t\t\t\t\t\t\t\t<h1 class=\"mil-el-title mil-light mil-upper mil-mb-30\">\n\t\t\t\t\t\t\t<span >\n\t\t\t\t\t\t\t\tHomecare<br \/>Brands\t\t\t\t\t\t\t<\/span>\n\t\t\t\t\t\t<\/h1>\n\t\t\t\t\t\t\t\t\t\t\t\t\t\t\t\t\t<\/div>\n\t\t\t\t<\/div>\n\t\t\t<\/div>\n\t\t<\/section>\n\t\t<!-- banner end -->\n\n\t\t\t\t\t\t<\/div>\n\t\t\t\t<\/div>\n\t\t\t\t<\/div>\n\t\t<div class=\"elementor-element elementor-element-2e8fe85a e-flex e-con-boxed e-con e-parent\" data-id=\"2e8fe85a\" data-element_type=\"container\" data-e-type=\"container\">\n\t\t\t\t\t<div class=\"e-con-inner\">\n\t\t<div class=\"elementor-element elementor-element-598a666 e-con-full e-flex e-con e-child\" data-id=\"598a666\" data-element_type=\"container\" data-e-type=\"container\">\n\t\t\t\t<div class=\"elementor-element elementor-element-f0acb8e elementor-widget elementor-widget-heading\" data-id=\"f0acb8e\" data-element_type=\"widget\" data-e-type=\"widget\" data-widget_type=\"heading.default\">\n\t\t\t\t<div class=\"elementor-widget-container\">\n\t\t\t\t\t<span class=\"elementor-heading-title elementor-size-default\">Aper\u00e7u<\/span>\t\t\t\t<\/div>\n\t\t\t\t<\/div>\n\t\t\t\t<div class=\"elementor-element elementor-element-c5b59e1 elementor-widget__width-initial elementor-widget elementor-widget-ruizarch-divider\" data-id=\"c5b59e1\" data-element_type=\"widget\" data-e-type=\"widget\" data-widget_type=\"ruizarch-divider.default\">\n\t\t\t\t<div class=\"elementor-widget-container\">\n\t\t\t\t\t\n\t\t<div class=\"mil-divider-lg mil-up\"><\/div>\n\n\t\t\t\t\t\t<\/div>\n\t\t\t\t<\/div>\n\t\t\t\t<div class=\"elementor-element elementor-element-62749558 elementor-widget elementor-widget-heading\" data-id=\"62749558\" data-element_type=\"widget\" data-e-type=\"widget\" data-widget_type=\"heading.default\">\n\t\t\t\t<div class=\"elementor-widget-container\">\n\t\t\t\t\t<h2 class=\"elementor-heading-title elementor-size-default\">Pour les foyers o\u00f9 l'amour abonde<\/h2>\t\t\t\t<\/div>\n\t\t\t\t<\/div>\n\t\t\t\t<div class=\"elementor-element elementor-element-3ee4163c elementor-widget elementor-widget-text-editor\" data-id=\"3ee4163c\" data-element_type=\"widget\" data-e-type=\"widget\" data-widget_type=\"text-editor.default\">\n\t\t\t\t<div class=\"elementor-widget-container\">\n\t\t\t\t\t\t\t\t\t<p>Un foyer aimant est un refuge s\u00fbr pour tous ceux qui y vivent. Nos produits d&#8217;entretien m\u00e9nager t&#8217;aident \u00e0 garder ta maison propre et hygi\u00e9nique et \u00e0 prendre soin de ton linge avec amour.<\/p>\t\t\t\t\t\t\t\t<\/div>\n\t\t\t\t<\/div>\n\t\t\t\t<\/div>\n\t\t\t\t\t<\/div>\n\t\t\t\t<\/div>\n\t\t<div class=\"elementor-element elementor-element-fbf741c e-flex e-con-boxed e-con e-parent\" data-id=\"fbf741c\" data-element_type=\"container\" data-e-type=\"container\">\n\t\t\t\t\t<div class=\"e-con-inner\">\n\t\t\t\t<div class=\"elementor-element elementor-element-3867b1f elementor-widget elementor-widget-shortcode\" data-id=\"3867b1f\" data-element_type=\"widget\" data-e-type=\"widget\" data-widget_type=\"shortcode.default\">\n\t\t\t\t<div class=\"elementor-widget-container\">\n\t\t\t\t\t\t\t<div class=\"elementor-shortcode\">\t<div class=\"amka-brand-browser no-filters\">\n\t\t\n\t\t<section id=\"amka-brand-grid\"\n\t\t         class=\"amka-brand-grid-wrapper cols-4\"\n\t\t         style=\"--cols:4;\"\n\t\t         aria-live=\"polite\">\n\t\t\t<div class=\"amka-brand-grid\">\t\t\t<a href=\"https:\/\/amka.com\/fr\/amka-brands\/home-of-hygiene\/\"\n\t\t\t   class=\"amka-brand-card\"\n\t\t\t   style=\"--brand-color: #00abbe; --cut: 54px;\">\n\t\t\t\t<div class=\"amka-card-shape\">\n\t\t\t\t\t\t\t\t\t\t\t<img decoding=\"async\" src=\"https:\/\/amka.com\/wp-content\/uploads\/2025\/10\/HOH-Logo.png\" alt=\"Home of Hygiene powered by BIO\" class=\"brand-logo\" loading=\"lazy\" \/>\n\t\t\t\t\t\n\t\t\t\t\t<span class=\"edge base e1\"><\/span>\n\t\t\t\t\t<span class=\"edge base e2\"><\/span>\n\t\t\t\t\t<span class=\"edge base e3\"><\/span>\n\t\t\t\t\t<span class=\"edge base e4\"><\/span>\n\t\t\t\t\t<span class=\"edge base e5\"><\/span>\n\n\t\t\t\t\t<span class=\"edge anim e1\"><\/span>\n\t\t\t\t\t<span class=\"edge anim e2\"><\/span>\n\t\t\t\t\t<span class=\"edge anim e3\"><\/span>\n\t\t\t\t\t<span class=\"edge anim e4\"><\/span>\n\t\t\t\t\t<span class=\"edge anim e5\"><\/span>\n\t\t\t\t<\/div>\n\t\t\t<\/a>\n\t\t\t\t\t\t<a href=\"https:\/\/amka.com\/fr\/amka-brands\/personal-touch\/\"\n\t\t\t   class=\"amka-brand-card\"\n\t\t\t   style=\"--brand-color: #1c3d7c; --cut: 54px;\">\n\t\t\t\t<div class=\"amka-card-shape\">\n\t\t\t\t\t\t\t\t\t\t\t<img decoding=\"async\" src=\"https:\/\/amka.com\/wp-content\/uploads\/2025\/10\/PT-Logo.png\" alt=\"Personal Touch\" class=\"brand-logo\" loading=\"lazy\" \/>\n\t\t\t\t\t\n\t\t\t\t\t<span class=\"edge base e1\"><\/span>\n\t\t\t\t\t<span class=\"edge base e2\"><\/span>\n\t\t\t\t\t<span class=\"edge base e3\"><\/span>\n\t\t\t\t\t<span class=\"edge base e4\"><\/span>\n\t\t\t\t\t<span class=\"edge base e5\"><\/span>\n\n\t\t\t\t\t<span class=\"edge anim e1\"><\/span>\n\t\t\t\t\t<span class=\"edge anim e2\"><\/span>\n\t\t\t\t\t<span class=\"edge anim e3\"><\/span>\n\t\t\t\t\t<span class=\"edge anim e4\"><\/span>\n\t\t\t\t\t<span class=\"edge anim e5\"><\/span>\n\t\t\t\t<\/div>\n\t\t\t<\/a>\n\t\t\t<\/div>\t\t<\/section>\n\t<\/div>\n\n\t\n\t<script>window.AMKA_BRANDS={ajax_url:\"https:\/\/amka.com\/wp-admin\/admin-ajax.php\",nonce:\"5b77cbe674\"};<\/script><\/div>\n\t\t\t\t\t\t<\/div>\n\t\t\t\t<\/div>\n\t\t\t\t\t<\/div>\n\t\t\t\t<\/div>\n\t\t\t\t<\/div>\n\t\t","protected":false},"excerpt":{"rendered":"<p>HomecareBrands Aper\u00e7u Pour les foyers o\u00f9 l&#8217;amour abonde Un foyer aimant est un refuge s\u00fbr pour tous ceux&#8230; <br \/><a href=\"https:\/\/amka.com\/fr\/amka-brands\/personal-touch\/\" class=\"mil-link mil-upper mil-up mil-mt-30\"><span>Read<\/span><span class=\"mil-arrow\"><img decoding=\"async\" src=\"https:\/\/amka.com\/wp-content\/themes\/ruizarch\/assets\/img\/icons\/1.svg\" alt=\"arrow\" loading=\"lazy\"><\/span><\/a><\/p>\n","protected":false},"author":1,"featured_media":0,"parent":0,"menu_order":0,"comment_status":"closed","ping_status":"closed","template":"elementor_header_footer","meta":{"_acf_changed":false,"footnotes":""},"class_list":["post-7386","page","type-page","status-publish","hentry"],"acf":[],"_links":{"self":[{"href":"https:\/\/amka.com\/fr\/wp-json\/wp\/v2\/pages\/7386","targetHints":{"allow":["GET"]}}],"collection":[{"href":"https:\/\/amka.com\/fr\/wp-json\/wp\/v2\/pages"}],"about":[{"href":"https:\/\/amka.com\/fr\/wp-json\/wp\/v2\/types\/page"}],"author":[{"embeddable":true,"href":"https:\/\/amka.com\/fr\/wp-json\/wp\/v2\/users\/1"}],"replies":[{"embeddable":true,"href":"https:\/\/amka.com\/fr\/wp-json\/wp\/v2\/comments?post=7386"}],"version-history":[{"count":1,"href":"https:\/\/amka.com\/fr\/wp-json\/wp\/v2\/pages\/7386\/revisions"}],"predecessor-version":[{"id":7390,"href":"https:\/\/amka.com\/fr\/wp-json\/wp\/v2\/pages\/7386\/revisions\/7390"}],"wp:attachment":[{"href":"https:\/\/amka.com\/fr\/wp-json\/wp\/v2\/media?parent=7386"}],"curies":[{"name":"wp","href":"https:\/\/api.w.org\/{rel}","templated":true}]}}