{"id":9270,"date":"2024-05-30T16:47:09","date_gmt":"2024-05-30T16:47:09","guid":{"rendered":"https:\/\/amka.com\/notre-impact\/"},"modified":"2026-02-09T00:03:29","modified_gmt":"2026-02-09T00:03:29","slug":"notre-impact","status":"publish","type":"page","link":"https:\/\/amka.com\/fr\/notre-impact\/","title":{"rendered":"Notre impact"},"content":{"rendered":"\t\t<div data-elementor-type=\"wp-page\" data-elementor-id=\"9270\" class=\"elementor elementor-9270 elementor-1515\" data-elementor-post-type=\"page\">\n\t\t\t\t<div class=\"elementor-element elementor-element-1c7f96d e-con-full e-flex e-con e-parent\" data-id=\"1c7f96d\" data-element_type=\"container\" data-e-type=\"container\">\n\t\t\t\t<div class=\"elementor-element elementor-element-a6d9862 elementor-widget elementor-widget-ruizarch-intro\" data-id=\"a6d9862\" data-element_type=\"widget\" data-e-type=\"widget\" data-widget_type=\"ruizarch-intro.default\">\n\t\t\t\t<div class=\"elementor-widget-container\">\n\t\t\t\t\t\n\t\t<!-- banner -->\n\t\t<section class=\"mil-banner mil-banner-sm\">\n\t\t\t\t\t\t<img decoding=\"async\" src=\"https:\/\/amka.com\/wp-content\/uploads\/2025\/07\/peace-hands-impact-2000w.webp\" class=\"mil-bg-img mil-scale\" data-value-1=\".4\" data-value-2=\"1.4\" alt=\"image\" style=\"object-position: top\" loading=\"lazy\" \/>\n\t\t\t\t\t\t<div class=\"mil-overlay\" style=\"opacity: 0.15;\"><\/div>\n\n\t\t\t<div class=\"container\">\n\t\t\t\t<div class=\"mil-background-grid mil-top-space\"><\/div>\n\t\t\t\t<div class=\"mil-banner-content mil-center\">\n\t\t\t\t\t<div class=\"mil-mb-90\">\n\t\t\t\t\t\t\t\t\t\t\t\t\t\t\t\t\t\t<h1 class=\"mil-el-title mil-light mil-upper mil-mb-30\">\n\t\t\t\t\t\t\t<span >\n\t\t\t\t\t\t\t\tOur Impact\t\t\t\t\t\t\t<\/span>\n\t\t\t\t\t\t<\/h1>\n\t\t\t\t\t\t\t\t\t\t\t\t\t\t\t\t\t<\/div>\n\t\t\t\t<\/div>\n\t\t\t<\/div>\n\t\t<\/section>\n\t\t<!-- banner end -->\n\n\t\t\t\t\t\t<\/div>\n\t\t\t\t<\/div>\n\t\t\t\t<\/div>\n\t\t<div class=\"elementor-element elementor-element-3c797d3 e-flex e-con-boxed e-con e-parent\" data-id=\"3c797d3\" data-element_type=\"container\" data-e-type=\"container\">\n\t\t\t\t\t<div class=\"e-con-inner\">\n\t\t<div class=\"elementor-element elementor-element-ff2f349 e-con-full e-flex e-con e-child\" data-id=\"ff2f349\" data-element_type=\"container\" data-e-type=\"container\">\n\t\t\t\t<div class=\"elementor-element elementor-element-2513e34 elementor-widget elementor-widget-heading\" data-id=\"2513e34\" data-element_type=\"widget\" data-e-type=\"widget\" data-widget_type=\"heading.default\">\n\t\t\t\t<div class=\"elementor-widget-container\">\n\t\t\t\t\t<span class=\"elementor-heading-title elementor-size-default\">Assumer notre responsabilit\u00e9 envers les autres<\/span>\t\t\t\t<\/div>\n\t\t\t\t<\/div>\n\t\t\t\t<div class=\"elementor-element elementor-element-4850519 elementor-widget__width-initial elementor-widget elementor-widget-ruizarch-divider\" data-id=\"4850519\" data-element_type=\"widget\" data-e-type=\"widget\" data-widget_type=\"ruizarch-divider.default\">\n\t\t\t\t<div class=\"elementor-widget-container\">\n\t\t\t\t\t\n\t\t<div class=\"mil-divider-lg mil-up\"><\/div>\n\n\t\t\t\t\t\t<\/div>\n\t\t\t\t<\/div>\n\t\t\t\t<div class=\"elementor-element elementor-element-dcb33d9 elementor-widget elementor-widget-text-editor\" data-id=\"dcb33d9\" data-element_type=\"widget\" data-e-type=\"widget\" data-widget_type=\"text-editor.default\">\n\t\t\t\t<div class=\"elementor-widget-container\">\n\t\t\t\t\t\t\t\t\t<p>Faire la diff\u00e9rence et partager l&#8217;abondance font partie int\u00e9grante de tout ce que nous faisons. Nous atteignons ces objectifs non seulement en vendant des produits qui am\u00e9liorent la vie de nos consommateurs, mais aussi gr\u00e2ce \u00e0 des initiatives qui autonomisent, \u00e9duquent et \u00e9l\u00e8vent les communaut\u00e9s que nous servons. <\/p>\t\t\t\t\t\t\t\t<\/div>\n\t\t\t\t<\/div>\n\t\t\t\t<\/div>\n\t\t\t\t\t<\/div>\n\t\t\t\t<\/div>\n\t\t<div class=\"elementor-element elementor-element-986eb78 e-flex e-con-boxed e-con e-parent\" data-id=\"986eb78\" data-element_type=\"container\" data-e-type=\"container\">\n\t\t\t\t\t<div class=\"e-con-inner\">\n\t\t<div class=\"elementor-element elementor-element-5756989 e-con-full e-flex e-con e-child\" data-id=\"5756989\" data-element_type=\"container\" data-e-type=\"container\">\n\t\t\t\t<div class=\"elementor-element elementor-element-670cb02 elementor-widget__width-initial elementor-view-default elementor-position-block-start elementor-mobile-position-block-start elementor-widget elementor-widget-icon-box\" data-id=\"670cb02\" data-element_type=\"widget\" data-e-type=\"widget\" data-widget_type=\"icon-box.default\">\n\t\t\t\t<div class=\"elementor-widget-container\">\n\t\t\t\t\t\t\t<div class=\"elementor-icon-box-wrapper\">\n\n\t\t\t\t\t\t<div class=\"elementor-icon-box-icon\">\n\t\t\t\t<span  class=\"elementor-icon\">\n\t\t\t\t<svg aria-hidden=\"true\" class=\"e-font-icon-svg e-fas-heart\" viewBox=\"0 0 512 512\" xmlns=\"http:\/\/www.w3.org\/2000\/svg\"><path d=\"M462.3 62.6C407.5 15.9 326 24.3 275.7 76.2L256 96.5l-19.7-20.3C186.1 24.3 104.5 15.9 49.7 62.6c-62.8 53.6-66.1 149.8-9.9 207.9l193.5 199.8c12.5 12.9 32.8 12.9 45.3 0l193.5-199.8c56.3-58.1 53-154.3-9.8-207.9z\"><\/path><\/svg>\t\t\t\t<\/span>\n\t\t\t<\/div>\n\t\t\t\n\t\t\t\t\t\t<div class=\"elementor-icon-box-content\">\n\n\t\t\t\t\t\t\t\t\t<h3 class=\"elementor-icon-box-title\">\n\t\t\t\t\t\t<span  >\n\t\t\t\t\t\t\tAutonomisation\t\t\t\t\t\t<\/span>\n\t\t\t\t\t<\/h3>\n\t\t\t\t\n\t\t\t\t\t\t\t\t\t<p class=\"elementor-icon-box-description\">\n\t\t\t\t\t\tAutonomiser les individus et les communaut\u00e9s gr\u00e2ce \u00e0 l'acc\u00e8s \u00e0 l'\u00e9ducation et aux opportunit\u00e9s.\t\t\t\t\t<\/p>\n\t\t\t\t\n\t\t\t<\/div>\n\t\t\t\n\t\t<\/div>\n\t\t\t\t\t\t<\/div>\n\t\t\t\t<\/div>\n\t\t\t\t<\/div>\n\t\t<div class=\"elementor-element elementor-element-625a7b5 e-con-full e-flex e-con e-child\" data-id=\"625a7b5\" data-element_type=\"container\" data-e-type=\"container\">\n\t\t\t\t<div class=\"elementor-element elementor-element-74fb73f elementor-widget__width-initial elementor-view-default elementor-position-block-start elementor-mobile-position-block-start elementor-widget elementor-widget-icon-box\" data-id=\"74fb73f\" data-element_type=\"widget\" data-e-type=\"widget\" data-widget_type=\"icon-box.default\">\n\t\t\t\t<div class=\"elementor-widget-container\">\n\t\t\t\t\t\t\t<div class=\"elementor-icon-box-wrapper\">\n\n\t\t\t\t\t\t<div class=\"elementor-icon-box-icon\">\n\t\t\t\t<span  class=\"elementor-icon\">\n\t\t\t\t<svg xmlns=\"http:\/\/www.w3.org\/2000\/svg\" width=\"800px\" height=\"800px\" viewBox=\"0 0 48 48\"><g id=\"Layer_2\" data-name=\"Layer 2\"><g id=\"invisible_box\" data-name=\"invisible box\"><rect width=\"48\" height=\"48\" fill=\"none\"><\/rect><\/g><g id=\"Layer_4\" data-name=\"Layer 4\"><g><path d=\"M38,20.4V21a9,9,0,0,1-18,0,3.4,3.4,0,0,1,.1-1H13A10,10,0,0,0,3,30v6A10,10,0,0,0,13,46H35A10,10,0,0,0,45,36V30A10.2,10.2,0,0,0,38,20.4Z\"><\/path><circle cx=\"17\" cy=\"10\" r=\"8\"><\/circle><circle cx=\"32\" cy=\"10\" r=\"3\"><\/circle><circle cx=\"29\" cy=\"21\" r=\"5\"><\/circle><\/g><\/g><\/g><\/svg>\t\t\t\t<\/span>\n\t\t\t<\/div>\n\t\t\t\n\t\t\t\t\t\t<div class=\"elementor-icon-box-content\">\n\n\t\t\t\t\t\t\t\t\t<h3 class=\"elementor-icon-box-title\">\n\t\t\t\t\t\t<span  >\n\t\t\t\t\t\t\tSant\u00e9 et hygi\u00e8ne\t\t\t\t\t\t<\/span>\n\t\t\t\t\t<\/h3>\n\t\t\t\t\n\t\t\t\t\t\t\t\t\t<p class=\"elementor-icon-box-description\">\n\t\t\t\t\t\tRendre le bien-\u00eatre quotidien plus abordable et accessible pour tous.\t\t\t\t\t<\/p>\n\t\t\t\t\n\t\t\t<\/div>\n\t\t\t\n\t\t<\/div>\n\t\t\t\t\t\t<\/div>\n\t\t\t\t<\/div>\n\t\t\t\t<\/div>\n\t\t<div class=\"elementor-element elementor-element-5f9d80d e-con-full e-flex e-con e-child\" data-id=\"5f9d80d\" data-element_type=\"container\" data-e-type=\"container\">\n\t\t\t\t<div class=\"elementor-element elementor-element-96c43c0 elementor-widget__width-initial elementor-view-default elementor-position-block-start elementor-mobile-position-block-start elementor-widget elementor-widget-icon-box\" data-id=\"96c43c0\" data-element_type=\"widget\" data-e-type=\"widget\" data-widget_type=\"icon-box.default\">\n\t\t\t\t<div class=\"elementor-widget-container\">\n\t\t\t\t\t\t\t<div class=\"elementor-icon-box-wrapper\">\n\n\t\t\t\t\t\t<div class=\"elementor-icon-box-icon\">\n\t\t\t\t<span  class=\"elementor-icon\">\n\t\t\t\t<svg xmlns=\"http:\/\/www.w3.org\/2000\/svg\" width=\"800px\" height=\"800px\" viewBox=\"0 0 24 24\" fill=\"none\"><g id=\"SVGRepo_bgCarrier\" stroke-width=\"0\"><\/g><g id=\"SVGRepo_tracerCarrier\" stroke-linecap=\"round\" stroke-linejoin=\"round\"><\/g><g id=\"SVGRepo_iconCarrier\"><path d=\"M12.8345 3.16228C12.8911 3.11941 12.9406 3.06928 12.9821 3.01371L15.5437 3.01371C15.5556 3.01371 15.5674 3.01343 15.5793 3.01287C15.7492 3.0048 15.9191 3.00485 16.0884 3.01287C16.1002 3.01343 16.1121 3.01371 16.1239 3.01371H16.1622C16.7372 3.01371 17.2807 3.13977 17.7684 3.36505C17.7813 3.37102 17.7944 3.37661 17.8076 3.38184C18.7252 3.74393 19.5443 4.36082 20.1474 5.20428C21.0565 6.4756 21.34 8.06951 20.9522 9.55242L17.6706 6.31483C17.5303 6.17636 17.3411 6.09873 17.1439 6.09873L12.3991 6.09873C12.3889 6.09873 12.3787 6.09894 12.3685 6.09935C12.2158 6.10558 12.0684 6.15834 11.9462 6.25093L10.0616 7.67873C10.0085 7.71898 9.95251 7.75291 9.89456 7.78064C9.48892 7.97478 8.98739 7.86539 8.70382 7.49495C8.66353 7.44232 8.62954 7.38691 8.60174 7.3296C8.40712 6.92844 8.51546 6.43454 8.88527 6.15436L12.8345 3.16228Z\" fill=\"#C35D89\"><\/path><path d=\"M7.89848 14.2357L7.88524 14.2487L6.91116 15.2166L6.89837 15.2294C6.54534 15.5663 5.98426 15.562 5.63654 15.2165C5.28444 14.8667 5.28444 14.2995 5.63654 13.9496L6.61062 12.9818C6.96272 12.6319 7.53358 12.6319 7.88568 12.9818C8.23346 13.3273 8.23772 13.885 7.89848 14.2357Z\" fill=\"#C35D89\"><\/path><path d=\"M7.60772 15.9344C7.26849 16.2852 7.27276 16.8428 7.62053 17.1883C7.97263 17.5382 8.5435 17.5382 8.8956 17.1883L9.86967 16.2205C10.2218 15.8706 10.2218 15.3034 9.86967 14.9536C9.82621 14.9104 9.77941 14.8725 9.7301 14.84C9.38493 14.6123 8.91673 14.6459 8.60783 14.9407L8.59505 14.9535L7.62097 15.9214L7.60772 15.9344Z\" fill=\"#C35D89\"><\/path><path d=\"M5.50058 11.4079C5.85268 11.7578 5.85268 12.325 5.50058 12.6748L4.5265 13.6427C4.1744 13.9925 3.60354 13.9925 3.25144 13.6427C2.89934 13.2928 2.89934 12.7256 3.25144 12.3758L4.22552 11.4079C4.57761 11.0581 5.14848 11.0581 5.50058 11.4079Z\" fill=\"#C35D89\"><\/path><path d=\"M11.8542 16.9253C12.2063 17.2752 12.2063 17.8424 11.8542 18.1922L10.8801 19.1601C10.8078 19.2318 10.7264 19.2889 10.6395 19.3312C10.303 19.4952 9.88489 19.4381 9.60502 19.1601C9.32515 18.882 9.26774 18.4666 9.43277 18.1322L9.43404 18.1296C9.4765 18.0443 9.5335 17.9642 9.60502 17.8932L10.5791 16.9253C10.9312 16.5755 11.5021 16.5755 11.8542 16.9253Z\" fill=\"#C35D89\"><\/path><path d=\"M5.3439 4.83107C6.73954 3.44435 8.63783 2.86145 10.456 3.08238L7.97943 4.95876C6.89415 5.78101 6.68509 7.32557 7.51275 8.40674C8.33862 9.48558 9.88451 9.69482 10.9675 8.87433L12.6511 7.59873L16.8362 7.59873L20.3426 11.0581C20.3538 11.0719 20.3658 11.0853 20.3786 11.0981L21.5285 12.2481C22.0903 12.8099 22.0903 13.7207 21.5285 14.2825C20.9987 14.8123 20.1585 14.8425 19.5934 14.3731L19.4971 14.2768C19.4781 14.2578 19.458 14.2407 19.437 14.2254L18.3441 13.1326C18.1488 12.9373 17.8323 12.9373 17.637 13.1326C17.4417 13.3278 17.4417 13.6444 17.637 13.8397L18.787 14.9896C18.8286 15.0312 18.8713 15.071 18.915 15.109L18.9589 15.1528C19.3568 15.5508 19.3568 16.196 18.9589 16.594C18.5609 16.992 17.9156 16.992 17.5177 16.594L17.3488 16.4251C17.1535 16.2298 16.8369 16.2298 16.6417 16.4251C16.5415 16.5252 16.4928 16.6572 16.4953 16.7884C16.4924 16.9201 16.5411 17.0527 16.6416 17.1532L16.8646 17.3762C17.2327 17.7443 17.2327 18.3411 16.8646 18.7092C16.4965 19.0773 15.8997 19.0773 15.5316 18.7092L15.5305 18.7081L15.5188 18.6962L15.3087 18.4862C15.2363 18.4137 15.1471 18.3681 15.0536 18.3495C14.8951 18.3178 14.7243 18.3633 14.6015 18.4862C14.4063 18.6814 14.4063 18.998 14.6015 19.1933L14.8199 19.4117C15.1869 19.7876 15.1842 20.3898 14.8117 20.7623C14.4431 21.1308 13.848 21.1384 13.4702 20.7793L12.0386 19.4187L12.5635 18.8971C13.3074 18.1579 13.3074 16.9596 12.5635 16.2205C12.1709 15.8303 11.6495 15.6461 11.1352 15.6679C11.1571 15.1569 10.9717 14.6389 10.579 14.2487C10.1865 13.8587 9.66531 13.6745 9.15123 13.6961C9.17308 13.1852 8.98769 12.6671 8.59505 12.277C8.09544 11.7805 7.38733 11.6175 6.7508 11.7879C6.69714 11.3912 6.51686 11.008 6.20995 10.7031C5.52351 10.021 4.44351 9.96838 3.6963 10.5451C3.23454 8.55553 3.78374 6.38124 5.3439 4.83107Z\" fill=\"#C35D89\"><\/path><\/g><\/svg>\t\t\t\t<\/span>\n\t\t\t<\/div>\n\t\t\t\n\t\t\t\t\t\t<div class=\"elementor-icon-box-content\">\n\n\t\t\t\t\t\t\t\t\t<h3 class=\"elementor-icon-box-title\">\n\t\t\t\t\t\t<span  >\n\t\t\t\t\t\t\tPratiques \u00e9thiques\t\t\t\t\t\t<\/span>\n\t\t\t\t\t<\/h3>\n\t\t\t\t\n\t\t\t\t\t\t\t\t\t<p class=\"elementor-icon-box-description\">\n\t\t\t\t\t\tApprovisionnement \u00e9thique, cha\u00eenes\nd'approvisionnement transparentes et\nleadership inclusif \u00e0 tous les niveaux.\t\t\t\t\t<\/p>\n\t\t\t\t\n\t\t\t<\/div>\n\t\t\t\n\t\t<\/div>\n\t\t\t\t\t\t<\/div>\n\t\t\t\t<\/div>\n\t\t\t\t<\/div>\n\t\t<div class=\"elementor-element elementor-element-d3a6c1d e-con-full e-flex e-con e-child\" data-id=\"d3a6c1d\" data-element_type=\"container\" data-e-type=\"container\">\n\t\t\t\t<div class=\"elementor-element elementor-element-0c9a082 elementor-widget__width-initial elementor-view-default elementor-position-block-start elementor-mobile-position-block-start elementor-widget elementor-widget-icon-box\" data-id=\"0c9a082\" data-element_type=\"widget\" data-e-type=\"widget\" data-widget_type=\"icon-box.default\">\n\t\t\t\t<div class=\"elementor-widget-container\">\n\t\t\t\t\t\t\t<div class=\"elementor-icon-box-wrapper\">\n\n\t\t\t\t\t\t<div class=\"elementor-icon-box-icon\">\n\t\t\t\t<span  class=\"elementor-icon\">\n\t\t\t\t<svg xmlns=\"http:\/\/www.w3.org\/2000\/svg\" xmlns:xlink=\"http:\/\/www.w3.org\/1999\/xlink\" id=\"_x32_\" width=\"800px\" height=\"800px\" viewBox=\"0 0 512 512\" xml:space=\"preserve\" fill=\"#000000\"> <g id=\"SVGRepo_bgCarrier\" stroke-width=\"0\"><\/g> <g id=\"SVGRepo_tracerCarrier\" stroke-linecap=\"round\" stroke-linejoin=\"round\"><\/g> <g id=\"SVGRepo_iconCarrier\"> <style type=\"text\/css\"> .st0{fill:#5CA96A;} <\/style> <g> <path class=\"st0\" d=\"M214.2,319.991L214.2,319.991L214.2,319.991C197.34,301.585,232.293,180.319,27.075,97.569 c-33.75,6.125-71.688,176.672,127.719,228.844c59.609,29.797,50.219,79.469,50.219,107.078h38.344 c0,0-15.688-87.578,54.375-119.672c47.672-21.828,179.328-28.828,214.265-225.547C445.387,49.757,208.825,124.835,214.2,319.991z M165.84,286.804c-4.063,2.813-9.641,1.797-12.453-2.266c-19.516-28.266-73.484-93.484-97.344-117.281 c-3.5-3.484-3.5-9.156,0-12.641c3.484-3.5,9.156-3.5,12.641,0c25.344,25.391,78.688,89.859,99.422,119.734 C170.918,278.413,169.903,283.991,165.84,286.804z M415.965,141.663c-65.25,41.234-118.578,109.844-142.625,147.109 c-2.672,4.141-8.219,5.328-12.359,2.656c-4.141-2.688-5.328-8.219-2.641-12.375c25.141-38.766,79.141-108.766,148.047-152.5 c4.172-2.656,9.688-1.406,12.344,2.766C421.372,133.491,420.137,139.007,415.965,141.663z\"><\/path> <\/g> <\/g> <\/svg>\t\t\t\t<\/span>\n\t\t\t<\/div>\n\t\t\t\n\t\t\t\t\t\t<div class=\"elementor-icon-box-content\">\n\n\t\t\t\t\t\t\t\t\t<h3 class=\"elementor-icon-box-title\">\n\t\t\t\t\t\t<span  >\n\t\t\t\t\t\t\tDurabilit\u00e9\t\t\t\t\t\t<\/span>\n\t\t\t\t\t<\/h3>\n\t\t\t\t\n\t\t\t\t\t\t\t\t\t<p class=\"elementor-icon-box-description\">\n\t\t\t\t\t\tDe l'innovation d'emballage \u00e0 la\nr\u00e9duction des d\u00e9chets, nous construisons un\navenir plus circulaire.\t\t\t\t\t<\/p>\n\t\t\t\t\n\t\t\t<\/div>\n\t\t\t\n\t\t<\/div>\n\t\t\t\t\t\t<\/div>\n\t\t\t\t<\/div>\n\t\t\t\t<\/div>\n\t\t\t\t\t<\/div>\n\t\t\t\t<\/div>\n\t\t<div class=\"elementor-element elementor-element-40ded06 e-flex e-con-boxed e-con e-parent\" data-id=\"40ded06\" data-element_type=\"container\" data-e-type=\"container\" data-settings=\"{&quot;background_background&quot;:&quot;classic&quot;}\">\n\t\t\t\t\t<div class=\"e-con-inner\">\n\t\t<div class=\"elementor-element elementor-element-ec181f1 e-con-full animated-fast e-flex elementor-invisible e-con e-child\" data-id=\"ec181f1\" data-element_type=\"container\" data-e-type=\"container\" data-settings=\"{&quot;background_background&quot;:&quot;classic&quot;,&quot;animation&quot;:&quot;fadeInUp&quot;,&quot;animation_delay&quot;:400}\">\n\t\t\t\t<div class=\"elementor-element elementor-element-6c0617f elementor-widget-mobile__width-inherit elementor-widget elementor-widget-text-editor\" data-id=\"6c0617f\" data-element_type=\"widget\" data-e-type=\"widget\" data-widget_type=\"text-editor.default\">\n\t\t\t\t<div class=\"elementor-widget-container\">\n\t\t\t\t\t\t\t\t\t<h3>Les personnes et la plan\u00e8te d&#8217;abord<\/h3><p>Nous croyons au partage du monde et de ses responsabilit\u00e9s, en autonomisant les communaut\u00e9s pour qu&#8217;elles prosp\u00e8rent de mani\u00e8re durable tout en minimisant l&#8217;impact environnemental.<\/p>\t\t\t\t\t\t\t\t<\/div>\n\t\t\t\t<\/div>\n\t\t\t\t<\/div>\n\t\t<div class=\"elementor-element elementor-element-a55c5f6 e-con-full animated-fast e-flex elementor-invisible e-con e-child\" data-id=\"a55c5f6\" data-element_type=\"container\" data-e-type=\"container\" data-settings=\"{&quot;background_background&quot;:&quot;classic&quot;,&quot;animation&quot;:&quot;fadeInUp&quot;,&quot;animation_delay&quot;:400}\">\n\t\t\t\t<div class=\"elementor-element elementor-element-cc30e5a elementor-widget-mobile__width-inherit elementor-widget elementor-widget-text-editor\" data-id=\"cc30e5a\" data-element_type=\"widget\" data-e-type=\"widget\" data-widget_type=\"text-editor.default\">\n\t\t\t\t<div class=\"elementor-widget-container\">\n\t\t\t\t\t\t\t\t\t<h3>\u00c9quit\u00e9 d&#8217;emploi<\/h3><p>Nous sommes un employeur offrant l&#8217;\u00e9galit\u00e9 des chances, et notre m\u00e9lange diversifi\u00e9 et inclusif de personnel refl\u00e8te parfaitement la nation arc-en-ciel dans laquelle nous avons \u00e9t\u00e9 fond\u00e9s.<\/p>\t\t\t\t\t\t\t\t<\/div>\n\t\t\t\t<\/div>\n\t\t\t\t<\/div>\n\t\t<div class=\"elementor-element elementor-element-a3f951c e-con-full animated-fast e-flex elementor-invisible e-con e-child\" data-id=\"a3f951c\" data-element_type=\"container\" data-e-type=\"container\" data-settings=\"{&quot;background_background&quot;:&quot;classic&quot;,&quot;animation&quot;:&quot;fadeInUp&quot;,&quot;animation_delay&quot;:400}\">\n\t\t\t\t<div class=\"elementor-element elementor-element-e5ee3c6 elementor-widget-mobile__width-inherit elementor-widget elementor-widget-text-editor\" data-id=\"e5ee3c6\" data-element_type=\"widget\" data-e-type=\"widget\" data-widget_type=\"text-editor.default\">\n\t\t\t\t<div class=\"elementor-widget-container\">\n\t\t\t\t\t\t\t\t\t<h3>Fabrication<\/h3><p>En modernisant nos machines et syst\u00e8mes, nous am\u00e9liorons continuellement l&#8217;efficacit\u00e9, r\u00e9duisons les d\u00e9chets, diminuons notre empreinte CO2 et renfor\u00e7ons les pratiques de production durable.<\/p>\t\t\t\t\t\t\t\t<\/div>\n\t\t\t\t<\/div>\n\t\t\t\t<\/div>\n\t\t\t\t\t<\/div>\n\t\t\t\t<\/div>\n\t\t<div class=\"elementor-element elementor-element-b61cff9 e-flex e-con-boxed e-con e-parent\" data-id=\"b61cff9\" data-element_type=\"container\" data-e-type=\"container\" data-settings=\"{&quot;background_background&quot;:&quot;classic&quot;}\">\n\t\t\t\t\t<div class=\"e-con-inner\">\n\t\t<div class=\"elementor-element elementor-element-9019da7 e-con-full e-flex e-con e-child\" data-id=\"9019da7\" data-element_type=\"container\" data-e-type=\"container\">\n\t\t\t\t<div class=\"elementor-element elementor-element-a21d451 elementor-widget elementor-widget-heading\" data-id=\"a21d451\" data-element_type=\"widget\" data-e-type=\"widget\" data-widget_type=\"heading.default\">\n\t\t\t\t<div class=\"elementor-widget-container\">\n\t\t\t\t\t<p class=\"elementor-heading-title elementor-size-default\">Apprentissages chez AMKA<\/p>\t\t\t\t<\/div>\n\t\t\t\t<\/div>\n\t\t\t\t<div class=\"elementor-element elementor-element-fd75b34 elementor-widget-divider--view-line elementor-widget elementor-widget-divider\" data-id=\"fd75b34\" data-element_type=\"widget\" data-e-type=\"widget\" data-widget_type=\"divider.default\">\n\t\t\t\t<div class=\"elementor-widget-container\">\n\t\t\t\t\t\t\t<div class=\"elementor-divider\">\n\t\t\t<span class=\"elementor-divider-separator\">\n\t\t\t\t\t\t<\/span>\n\t\t<\/div>\n\t\t\t\t\t\t<\/div>\n\t\t\t\t<\/div>\n\t\t\t\t<div class=\"elementor-element elementor-element-e0f5122 elementor-widget__width-initial elementor-widget elementor-widget-heading\" data-id=\"e0f5122\" data-element_type=\"widget\" data-e-type=\"widget\" data-widget_type=\"heading.default\">\n\t\t\t\t<div class=\"elementor-widget-container\">\n\t\t\t\t\t<h2 class=\"elementor-heading-title elementor-size-default\">Ann\u00e9es d'exp\u00e9rience<\/h2>\t\t\t\t<\/div>\n\t\t\t\t<\/div>\n\t\t\t\t<div class=\"elementor-element elementor-element-0a82847 elementor-widget elementor-widget-ruizarch-description\" data-id=\"0a82847\" data-element_type=\"widget\" data-e-type=\"widget\" data-widget_type=\"ruizarch-description.default\">\n\t\t\t\t<div class=\"elementor-widget-container\">\n\t\t\t\t\t\n\t\t\t\t<div class=\"mil-text mil-up mil-mb-30\">\n\t\t\t<div >\n\t\t\t\t<p>We offer in-service learnerships within Amka, where we pass on what we\u2019ve learnt to the next generation. Learnerships include training in diverse fields from marketing, mechanical engineering, fitting and turning, to analytical chemistry. Whether participants join Amka full-time or move onto other jobs, they are given skills and experience that will help them receive more job offers and earn higher incomes.<\/p>\t\t\t<\/div>\n\t\t<\/div>\n\t\t\n\t\t\t\t\t\t<\/div>\n\t\t\t\t<\/div>\n\t\t\t\t<\/div>\n\t\t<div class=\"elementor-element elementor-element-4b33df1 e-con-full e-flex e-con e-child\" data-id=\"4b33df1\" data-element_type=\"container\" data-e-type=\"container\">\n\t\t\t\t<div class=\"elementor-element elementor-element-e268774 elementor-widget elementor-widget-image\" data-id=\"e268774\" data-element_type=\"widget\" data-e-type=\"widget\" data-widget_type=\"image.default\">\n\t\t\t\t<div class=\"elementor-widget-container\">\n\t\t\t\t\t\t\t\t\t\t\t\t\t\t\t<img fetchpriority=\"high\" decoding=\"async\" width=\"900\" height=\"600\" src=\"https:\/\/amka.com\/wp-content\/uploads\/2025\/06\/trainer-explaining-project-details-intern-1024x683.jpg\" class=\"attachment-large size-large wp-image-9293\" alt=\"\" srcset=\"https:\/\/amka.com\/wp-content\/uploads\/2025\/06\/trainer-explaining-project-details-intern-1024x683.jpg 1024w, https:\/\/amka.com\/wp-content\/uploads\/2025\/06\/trainer-explaining-project-details-intern-300x200.jpg 300w, https:\/\/amka.com\/wp-content\/uploads\/2025\/06\/trainer-explaining-project-details-intern-768x512.jpg 768w, https:\/\/amka.com\/wp-content\/uploads\/2025\/06\/trainer-explaining-project-details-intern-1536x1024.jpg 1536w, https:\/\/amka.com\/wp-content\/uploads\/2025\/06\/trainer-explaining-project-details-intern-2048x1366.jpg 2048w, https:\/\/amka.com\/wp-content\/uploads\/2025\/06\/trainer-explaining-project-details-intern-200x133.jpg 200w, https:\/\/amka.com\/wp-content\/uploads\/2025\/06\/trainer-explaining-project-details-intern-400x267.jpg 400w, https:\/\/amka.com\/wp-content\/uploads\/2025\/06\/trainer-explaining-project-details-intern-800x533.jpg 800w, https:\/\/amka.com\/wp-content\/uploads\/2025\/06\/trainer-explaining-project-details-intern-1000x667.jpg 1000w, https:\/\/amka.com\/wp-content\/uploads\/2025\/06\/trainer-explaining-project-details-intern-1200x800.jpg 1200w, https:\/\/amka.com\/wp-content\/uploads\/2025\/06\/trainer-explaining-project-details-intern-1920x1280.jpg 1920w\" sizes=\"(max-width: 900px) 100vw, 900px\" \/>\t\t\t\t\t\t\t\t\t\t\t\t\t\t\t<\/div>\n\t\t\t\t<\/div>\n\t\t\t\t<\/div>\n\t\t\t\t\t<\/div>\n\t\t\t\t<\/div>\n\t\t<div class=\"elementor-element elementor-element-1719010d e-flex e-con-boxed e-con e-parent\" data-id=\"1719010d\" data-element_type=\"container\" data-e-type=\"container\" data-settings=\"{&quot;background_background&quot;:&quot;classic&quot;}\">\n\t\t\t\t\t<div class=\"e-con-inner\">\n\t\t\t\t<div class=\"elementor-element elementor-element-3a9b83b elementor-widget elementor-widget-heading\" data-id=\"3a9b83b\" data-element_type=\"widget\" data-e-type=\"widget\" data-widget_type=\"heading.default\">\n\t\t\t\t<div class=\"elementor-widget-container\">\n\t\t\t\t\t<h2 class=\"elementor-heading-title elementor-size-default\"><span>Rejoins-nous pour faire une<\/span><br>diff\u00e9rence positive<\/h2>\t\t\t\t<\/div>\n\t\t\t\t<\/div>\n\t\t\t\t<div class=\"elementor-element elementor-element-45c2a5f elementor-widget__width-initial elementor-widget elementor-widget-text-editor\" data-id=\"45c2a5f\" data-element_type=\"widget\" data-e-type=\"widget\" data-widget_type=\"text-editor.default\">\n\t\t\t\t<div class=\"elementor-widget-container\">\n\t\t\t\t\t\t\t\t\t<p>Nous sommes toujours ouverts \u00e0 de nouvelles opportunit\u00e9s de travailler ensemble pour le bien commun. Si tu connais une telle opportunit\u00e9, n&#8217;h\u00e9site pas \u00e0 nous contacter. <\/p>\t\t\t\t\t\t\t\t<\/div>\n\t\t\t\t<\/div>\n\t\t\t\t<div class=\"elementor-element elementor-element-759945d9 elementor-align-center elementor-widget elementor-widget-button\" data-id=\"759945d9\" data-element_type=\"widget\" data-e-type=\"widget\" data-widget_type=\"button.default\">\n\t\t\t\t<div class=\"elementor-widget-container\">\n\t\t\t\t\t\t\t\t\t<div class=\"elementor-button-wrapper\">\n\t\t\t\t\t<a class=\"elementor-button elementor-button-link elementor-size-sm\" href=\"https:\/\/amka.com\/fr\/contacte-nous\/\">\n\t\t\t\t\t\t<span class=\"elementor-button-content-wrapper\">\n\t\t\t\t\t\t\t\t\t<span class=\"elementor-button-text\">Connectons-nous<\/span>\n\t\t\t\t\t<\/span>\n\t\t\t\t\t<\/a>\n\t\t\t\t<\/div>\n\t\t\t\t\t\t\t\t<\/div>\n\t\t\t\t<\/div>\n\t\t\t\t\t<\/div>\n\t\t\t\t<\/div>\n\t\t\t\t<\/div>\n\t\t","protected":false},"excerpt":{"rendered":"<p>Our Impact Assumer notre responsabilit\u00e9 envers les autres Faire la diff\u00e9rence et partager l&#8217;abondance font partie int\u00e9grante de&#8230; <br \/><a href=\"https:\/\/amka.com\/fr\/notre-impact\/\" class=\"mil-link mil-upper mil-up mil-mt-30\"><span>Read<\/span><span class=\"mil-arrow\"><img decoding=\"async\" src=\"https:\/\/amka.com\/wp-content\/themes\/ruizarch\/assets\/img\/icons\/1.svg\" alt=\"arrow\" loading=\"lazy\"><\/span><\/a><\/p>\n","protected":false},"author":1,"featured_media":0,"parent":0,"menu_order":0,"comment_status":"closed","ping_status":"closed","template":"elementor_header_footer","meta":{"_acf_changed":false,"footnotes":""},"class_list":["post-9270","page","type-page","status-publish","hentry"],"acf":[],"_links":{"self":[{"href":"https:\/\/amka.com\/fr\/wp-json\/wp\/v2\/pages\/9270","targetHints":{"allow":["GET"]}}],"collection":[{"href":"https:\/\/amka.com\/fr\/wp-json\/wp\/v2\/pages"}],"about":[{"href":"https:\/\/amka.com\/fr\/wp-json\/wp\/v2\/types\/page"}],"author":[{"embeddable":true,"href":"https:\/\/amka.com\/fr\/wp-json\/wp\/v2\/users\/1"}],"replies":[{"embeddable":true,"href":"https:\/\/amka.com\/fr\/wp-json\/wp\/v2\/comments?post=9270"}],"version-history":[{"count":1,"href":"https:\/\/amka.com\/fr\/wp-json\/wp\/v2\/pages\/9270\/revisions"}],"predecessor-version":[{"id":9296,"href":"https:\/\/amka.com\/fr\/wp-json\/wp\/v2\/pages\/9270\/revisions\/9296"}],"wp:attachment":[{"href":"https:\/\/amka.com\/fr\/wp-json\/wp\/v2\/media?parent=9270"}],"curies":[{"name":"wp","href":"https:\/\/api.w.org\/{rel}","templated":true}]}}