{"id":7456,"date":"2025-03-06T22:51:58","date_gmt":"2025-03-06T22:51:58","guid":{"rendered":"https:\/\/amka.com\/cuidados-solares\/"},"modified":"2026-02-08T23:51:15","modified_gmt":"2026-02-08T23:51:15","slug":"cuidados-solares","status":"publish","type":"page","link":"https:\/\/amka.com\/pt-pt\/cuidados-solares\/","title":{"rendered":"Cuidados Solares"},"content":{"rendered":"\t\t<div data-elementor-type=\"wp-page\" data-elementor-id=\"7456\" class=\"elementor elementor-7456 elementor-3470\" data-elementor-post-type=\"page\">\n\t\t\t\t<div class=\"elementor-element elementor-element-2487dd71 e-con-full e-flex e-con e-parent\" data-id=\"2487dd71\" data-element_type=\"container\" data-e-type=\"container\">\n\t\t\t\t<div class=\"elementor-element elementor-element-4ba53b68 elementor-widget elementor-widget-ruizarch-intro\" data-id=\"4ba53b68\" data-element_type=\"widget\" data-e-type=\"widget\" data-widget_type=\"ruizarch-intro.default\">\n\t\t\t\t<div class=\"elementor-widget-container\">\n\t\t\t\t\t\n\t\t<!-- banner -->\n\t\t<section class=\"mil-banner mil-banner-sm\">\n\t\t\t\t\t\t<img decoding=\"async\" src=\"https:\/\/amka.com\/wp-content\/uploads\/2025\/09\/smiling-mixed-race-woman-beach-holiday-using-sunscreen-cream-healthy-outdoor-leisure-time-by-sea-scaled.jpg\" class=\"mil-bg-img mil-scale\" data-value-1=\".4\" data-value-2=\"1.4\" alt=\"image\" style=\"object-position: center\" loading=\"lazy\" \/>\n\t\t\t\t\t\t<div class=\"mil-overlay\" style=\"opacity: 0.25;\"><\/div>\n\n\t\t\t<div class=\"container\">\n\t\t\t\t<div class=\"mil-background-grid mil-top-space\"><\/div>\n\t\t\t\t<div class=\"mil-banner-content mil-center\">\n\t\t\t\t\t<div class=\"mil-mb-90\">\n\t\t\t\t\t\t\t\t\t\t\t\t\t\t\t\t\t\t<h1 class=\"mil-el-title mil-light mil-upper mil-mb-30\">\n\t\t\t\t\t\t\t<span >\n\t\t\t\t\t\t\t\tSun care<br \/>Brands\t\t\t\t\t\t\t<\/span>\n\t\t\t\t\t\t<\/h1>\n\t\t\t\t\t\t\t\t\t\t\t\t\t\t\t\t\t<\/div>\n\t\t\t\t<\/div>\n\t\t\t<\/div>\n\t\t<\/section>\n\t\t<!-- banner end -->\n\n\t\t\t\t\t\t<\/div>\n\t\t\t\t<\/div>\n\t\t\t\t<\/div>\n\t\t<div class=\"elementor-element elementor-element-55239612 e-flex e-con-boxed e-con e-parent\" data-id=\"55239612\" data-element_type=\"container\" data-e-type=\"container\">\n\t\t\t\t\t<div class=\"e-con-inner\">\n\t\t<div class=\"elementor-element elementor-element-2572306 e-con-full e-flex e-con e-child\" data-id=\"2572306\" data-element_type=\"container\" data-e-type=\"container\">\n\t\t\t\t<div class=\"elementor-element elementor-element-5bccbcc elementor-widget elementor-widget-heading\" data-id=\"5bccbcc\" data-element_type=\"widget\" data-e-type=\"widget\" data-widget_type=\"heading.default\">\n\t\t\t\t<div class=\"elementor-widget-container\">\n\t\t\t\t\t<span class=\"elementor-heading-title elementor-size-default\">Vis\u00e3o geral<\/span>\t\t\t\t<\/div>\n\t\t\t\t<\/div>\n\t\t\t\t<div class=\"elementor-element elementor-element-4bcd878 elementor-widget__width-initial elementor-widget elementor-widget-ruizarch-divider\" data-id=\"4bcd878\" data-element_type=\"widget\" data-e-type=\"widget\" data-widget_type=\"ruizarch-divider.default\">\n\t\t\t\t<div class=\"elementor-widget-container\">\n\t\t\t\t\t\n\t\t<div class=\"mil-divider-lg mil-up\"><\/div>\n\n\t\t\t\t\t\t<\/div>\n\t\t\t\t<\/div>\n\t\t\t\t<div class=\"elementor-element elementor-element-168bec3 elementor-widget elementor-widget-heading\" data-id=\"168bec3\" data-element_type=\"widget\" data-e-type=\"widget\" data-widget_type=\"heading.default\">\n\t\t\t\t<div class=\"elementor-widget-container\">\n\t\t\t\t\t<h2 class=\"elementor-heading-title elementor-size-default\">Ame o sol com prote\u00e7\u00e3o que cuida da pele<\/h2>\t\t\t\t<\/div>\n\t\t\t\t<\/div>\n\t\t\t\t<div class=\"elementor-element elementor-element-12c167f3 elementor-widget elementor-widget-text-editor\" data-id=\"12c167f3\" data-element_type=\"widget\" data-e-type=\"widget\" data-widget_type=\"text-editor.default\">\n\t\t\t\t<div class=\"elementor-widget-container\">\n\t\t\t\t\t\t\t\t\t<p>Os dias de sol s\u00e3o seus para desfrutar ao m\u00e1ximo, quando sabe que voc\u00ea e a sua fam\u00edlia est\u00e3o protegidos com o melhor em cuidados solares de qualidade.<\/p>\t\t\t\t\t\t\t\t<\/div>\n\t\t\t\t<\/div>\n\t\t\t\t<\/div>\n\t\t\t\t\t<\/div>\n\t\t\t\t<\/div>\n\t\t<div class=\"elementor-element elementor-element-bfedf2f e-flex e-con-boxed e-con e-parent\" data-id=\"bfedf2f\" data-element_type=\"container\" data-e-type=\"container\">\n\t\t\t\t\t<div class=\"e-con-inner\">\n\t\t\t\t<div class=\"elementor-element elementor-element-494a397 elementor-widget elementor-widget-shortcode\" data-id=\"494a397\" data-element_type=\"widget\" data-e-type=\"widget\" data-widget_type=\"shortcode.default\">\n\t\t\t\t<div class=\"elementor-widget-container\">\n\t\t\t\t\t\t\t<div class=\"elementor-shortcode\">\t<div class=\"amka-brand-browser no-filters\">\n\t\t\n\t\t<section id=\"amka-brand-grid\"\n\t\t         class=\"amka-brand-grid-wrapper cols-4\"\n\t\t         style=\"--cols:4;\"\n\t\t         aria-live=\"polite\">\n\t\t\t<div class=\"amka-brand-grid\">\t\t\t<a href=\"https:\/\/amka.com\/pt-pt\/amka-brands\/everysun\/\"\n\t\t\t   class=\"amka-brand-card\"\n\t\t\t   style=\"--brand-color: #1cbabc; --cut: 54px;\">\n\t\t\t\t<div class=\"amka-card-shape\">\n\t\t\t\t\t\t\t\t\t\t\t<img decoding=\"async\" src=\"https:\/\/amka.com\/wp-content\/uploads\/2025\/10\/Everysun-Logo-500x500px-copy.png\" alt=\"Everysun\" class=\"brand-logo\" loading=\"lazy\" \/>\n\t\t\t\t\t\n\t\t\t\t\t<span class=\"edge base e1\"><\/span>\n\t\t\t\t\t<span class=\"edge base e2\"><\/span>\n\t\t\t\t\t<span class=\"edge base e3\"><\/span>\n\t\t\t\t\t<span class=\"edge base e4\"><\/span>\n\t\t\t\t\t<span class=\"edge base e5\"><\/span>\n\n\t\t\t\t\t<span class=\"edge anim e1\"><\/span>\n\t\t\t\t\t<span class=\"edge anim e2\"><\/span>\n\t\t\t\t\t<span class=\"edge anim e3\"><\/span>\n\t\t\t\t\t<span class=\"edge anim e4\"><\/span>\n\t\t\t\t\t<span class=\"edge anim e5\"><\/span>\n\t\t\t\t<\/div>\n\t\t\t<\/a>\n\t\t\t<\/div>\t\t<\/section>\n\t<\/div>\n\n\t\n\t<script>window.AMKA_BRANDS={ajax_url:\"https:\/\/amka.com\/wp-admin\/admin-ajax.php\",nonce:\"5b77cbe674\"};<\/script><\/div>\n\t\t\t\t\t\t<\/div>\n\t\t\t\t<\/div>\n\t\t\t\t\t<\/div>\n\t\t\t\t<\/div>\n\t\t\t\t<\/div>\n\t\t","protected":false},"excerpt":{"rendered":"<p>Sun careBrands Vis\u00e3o geral Ame o sol com prote\u00e7\u00e3o que cuida da pele Os dias de sol s\u00e3o&#8230; <br \/><a href=\"https:\/\/amka.com\/pt-pt\/amka-brands\/everysun\/\" class=\"mil-link mil-upper mil-up mil-mt-30\"><span>Read<\/span><span class=\"mil-arrow\"><img decoding=\"async\" src=\"https:\/\/amka.com\/wp-content\/themes\/ruizarch\/assets\/img\/icons\/1.svg\" alt=\"arrow\" loading=\"lazy\"><\/span><\/a><\/p>\n","protected":false},"author":1,"featured_media":0,"parent":0,"menu_order":0,"comment_status":"closed","ping_status":"closed","template":"elementor_header_footer","meta":{"_acf_changed":false,"footnotes":""},"class_list":["post-7456","page","type-page","status-publish","hentry"],"acf":[],"_links":{"self":[{"href":"https:\/\/amka.com\/pt-pt\/wp-json\/wp\/v2\/pages\/7456","targetHints":{"allow":["GET"]}}],"collection":[{"href":"https:\/\/amka.com\/pt-pt\/wp-json\/wp\/v2\/pages"}],"about":[{"href":"https:\/\/amka.com\/pt-pt\/wp-json\/wp\/v2\/types\/page"}],"author":[{"embeddable":true,"href":"https:\/\/amka.com\/pt-pt\/wp-json\/wp\/v2\/users\/1"}],"replies":[{"embeddable":true,"href":"https:\/\/amka.com\/pt-pt\/wp-json\/wp\/v2\/comments?post=7456"}],"version-history":[{"count":1,"href":"https:\/\/amka.com\/pt-pt\/wp-json\/wp\/v2\/pages\/7456\/revisions"}],"predecessor-version":[{"id":7461,"href":"https:\/\/amka.com\/pt-pt\/wp-json\/wp\/v2\/pages\/7456\/revisions\/7461"}],"wp:attachment":[{"href":"https:\/\/amka.com\/pt-pt\/wp-json\/wp\/v2\/media?parent=7456"}],"curies":[{"name":"wp","href":"https:\/\/api.w.org\/{rel}","templated":true}]}}